{"id":17,"date":"2019-07-17T00:06:09","date_gmt":"2019-07-17T00:06:09","guid":{"rendered":"https:\/\/bioefluentes.com.br\/site\/?page_id=17"},"modified":"2023-02-10T16:49:42","modified_gmt":"2023-02-10T16:49:42","slug":"contato","status":"publish","type":"page","link":"https:\/\/bioefluentes.com.br\/site\/contato\/","title":{"rendered":"Contato"},"content":{"rendered":"\n<h2 class=\"titulo-azul\">Envie-nos uma mensagem<\/h2>\n\n\n\n<p>Preencha todos os campos abaixo e envie uma mensagem diretamente para n\u00f3s!<\/p>\n\n\n\n<div class=\"wpcf7 no-js\" id=\"wpcf7-f121-o1\" lang=\"pt-BR\" dir=\"ltr\">\n<div class=\"screen-reader-response\"><p role=\"status\" aria-live=\"polite\" aria-atomic=\"true\"><\/p> <ul><\/ul><\/div>\n<form action=\"\/site\/wp-json\/wp\/v2\/pages\/17#wpcf7-f121-o1\" method=\"post\" class=\"wpcf7-form init\" aria-label=\"Formul\u00e1rios de contato\" novalidate=\"novalidate\" data-status=\"init\">\n<div style=\"display: none;\">\n<input type=\"hidden\" name=\"_wpcf7\" value=\"121\" \/>\n<input type=\"hidden\" name=\"_wpcf7_version\" value=\"5.9.6\" \/>\n<input type=\"hidden\" name=\"_wpcf7_locale\" value=\"pt_BR\" \/>\n<input type=\"hidden\" name=\"_wpcf7_unit_tag\" value=\"wpcf7-f121-o1\" \/>\n<input type=\"hidden\" name=\"_wpcf7_container_post\" value=\"0\" \/>\n<input type=\"hidden\" name=\"_wpcf7_posted_data_hash\" value=\"\" \/>\n<\/div>\n<p><label> Seu nome (obrigat\u00f3rio)<br \/>\n<span class=\"wpcf7-form-control-wrap\" data-name=\"your-name\"><input size=\"40\" maxlength=\"80\" class=\"wpcf7-form-control wpcf7-text wpcf7-validates-as-required\" aria-required=\"true\" aria-invalid=\"false\" value=\"\" type=\"text\" name=\"your-name\" \/><\/span> <\/label>\n<\/p>\n<p><label> Seu e-mail (obrigat\u00f3rio)<br \/>\n<span class=\"wpcf7-form-control-wrap\" data-name=\"your-email\"><input size=\"40\" maxlength=\"80\" class=\"wpcf7-form-control wpcf7-email wpcf7-validates-as-required wpcf7-text wpcf7-validates-as-email\" aria-required=\"true\" aria-invalid=\"false\" value=\"\" type=\"email\" name=\"your-email\" \/><\/span> <\/label>\n<\/p>\n<p><label> Assunto<br \/>\n<span class=\"wpcf7-form-control-wrap\" data-name=\"your-subject\"><input size=\"40\" maxlength=\"80\" class=\"wpcf7-form-control wpcf7-text\" aria-invalid=\"false\" value=\"\" type=\"text\" name=\"your-subject\" \/><\/span> <\/label>\n<\/p>\n<p><label> Sua mensagem<br \/>\n<span class=\"wpcf7-form-control-wrap\" data-name=\"your-message\"><textarea cols=\"40\" rows=\"10\" maxlength=\"400\" class=\"wpcf7-form-control wpcf7-textarea\" aria-invalid=\"false\" name=\"your-message\"><\/textarea><\/span> <\/label>\n<\/p>\n<p><input class=\"wpcf7-form-control wpcf7-submit has-spinner\" type=\"submit\" value=\"Enviar\" \/>\n<\/p><p style=\"display: none !important;\" class=\"akismet-fields-container\" data-prefix=\"_wpcf7_ak_\"><label>&#916;<textarea name=\"_wpcf7_ak_hp_textarea\" cols=\"45\" rows=\"8\" maxlength=\"100\"><\/textarea><\/label><input type=\"hidden\" id=\"ak_js_1\" name=\"_wpcf7_ak_js\" value=\"240\"\/><script>document.getElementById( \"ak_js_1\" ).setAttribute( \"value\", ( new Date() ).getTime() );<\/script><\/p><div class=\"wpcf7-response-output\" aria-hidden=\"true\"><\/div>\n<\/form>\n<\/div>\n\n\n\n\n<h2 class=\"titulo-azul\">Contato comercial<\/h2>\n\n\n\n<p>Falar com <strong>TATIANA FAGUNDES SANT ANNA<\/strong><br>bioefluentes1@gmail.com<br><strong>M\u00f3vel:<\/strong><a href=\"https:\/\/api.whatsapp.com\/send?phone=5511999392117&amp;text=Ol%C3%A1,%20preciso%20de%20ajuda%20com%20uma%20quest%C3%A3o%20ambiental%20da%20minha%20empresa.%207\" target=\"_blank\" rel=\"noreferrer noopener\"> (11) 99939-2117<\/a> (whatsapp)<\/p>\n\n\n\n<h2 class=\"titulo-azul\">Contato Bio Efluentes<\/h2>\n\n\n\n<p><strong>Telefone:<\/strong> <a href=\"https:\/\/api.whatsapp.com\/send?phone=5511999856841&amp;text=Ol%C3%A1,%20preciso%20de%20ajuda%20com%20uma%20quest%C3%A3o%20ambiental%20da%20minha%20empresa.%20\">(11) 99985-6841<\/a> (whatsapp)<br><strong>E-mail:<\/strong> <a aria-label=\"contato@bioefluentes.com.br (abre numa nova aba)\" href=\"mailto:contato@bioefluentes.com.br\" target=\"_blank\" rel=\"noreferrer noopener\">fazendagrama@terra.com.br<\/a><\/p>\n\n\n\n<h2 class=\"titulo-azul\">Localiza\u00e7\u00e3o<\/h2>\n\n\n\n<p>Joan\u00f3polis &#8211; SP<\/p>\n","protected":false},"excerpt":{"rendered":"<p>Envie-nos uma mensagem Preencha todos os campos abaixo e envie uma mensagem diretamente para n\u00f3s! Contato comercial Falar com TATIANA FAGUNDES SANT ANNAbioefluentes1@gmail.comM\u00f3vel: (11) 99939-2117 (whatsapp) Contato Bio Efluentes Telefone: (11) 99985-6841 (whatsapp)E-mail: fazendagrama@terra.com.br Localiza\u00e7\u00e3o Joan\u00f3polis &#8211; SP<\/p>\n","protected":false},"author":1,"featured_media":53,"parent":0,"menu_order":18,"comment_status":"closed","ping_status":"closed","template":"page-templates\/full-width-page.php","meta":[],"yoast_head":"<!-- This site is optimized with the Yoast SEO plugin v23.0 - https:\/\/yoast.com\/wordpress\/plugins\/seo\/ -->\n<title>Contato - Bio Efluentes<\/title>\n<meta name=\"robots\" content=\"index, follow, max-snippet:-1, max-image-preview:large, max-video-preview:-1\" \/>\n<link rel=\"canonical\" href=\"https:\/\/bioefluentes.com.br\/site\/contato\/\" \/>\n<meta property=\"og:locale\" content=\"pt_BR\" \/>\n<meta property=\"og:type\" content=\"article\" \/>\n<meta property=\"og:title\" content=\"Contato - Bio Efluentes\" \/>\n<meta property=\"og:description\" content=\"Envie-nos uma mensagem Preencha todos os campos abaixo e envie uma mensagem diretamente para n\u00f3s! Contato comercial Falar com TATIANA FAGUNDES SANT ANNAbioefluentes1@gmail.comM\u00f3vel: (11) 99939-2117 (whatsapp) Contato Bio Efluentes Telefone: (11) 99985-6841 (whatsapp)E-mail: fazendagrama@terra.com.br Localiza\u00e7\u00e3o Joan\u00f3polis &#8211; SP\" \/>\n<meta property=\"og:url\" content=\"https:\/\/bioefluentes.com.br\/site\/contato\/\" \/>\n<meta property=\"og:site_name\" content=\"Bio Efluentes\" \/>\n<meta property=\"article:modified_time\" content=\"2023-02-10T16:49:42+00:00\" \/>\n<meta property=\"og:image\" content=\"https:\/\/bioefluentes.com.br\/site\/wp-content\/uploads\/2019\/07\/anastasia-taioglou-CTivHyiTbFw-unsplash.jpg\" \/>\n\t<meta property=\"og:image:width\" content=\"4288\" \/>\n\t<meta property=\"og:image:height\" content=\"2848\" \/>\n\t<meta property=\"og:image:type\" content=\"image\/jpeg\" \/>\n<meta name=\"twitter:card\" content=\"summary_large_image\" \/>\n<meta name=\"twitter:label1\" content=\"Est. tempo de leitura\" \/>\n\t<meta name=\"twitter:data1\" content=\"1 minuto\" \/>\n<script type=\"application\/ld+json\" class=\"yoast-schema-graph\">{\"@context\":\"https:\/\/schema.org\",\"@graph\":[{\"@type\":\"WebPage\",\"@id\":\"https:\/\/bioefluentes.com.br\/site\/contato\/\",\"url\":\"https:\/\/bioefluentes.com.br\/site\/contato\/\",\"name\":\"Contato - Bio Efluentes\",\"isPartOf\":{\"@id\":\"https:\/\/bioefluentes.com.br\/site\/#website\"},\"primaryImageOfPage\":{\"@id\":\"https:\/\/bioefluentes.com.br\/site\/contato\/#primaryimage\"},\"image\":{\"@id\":\"https:\/\/bioefluentes.com.br\/site\/contato\/#primaryimage\"},\"thumbnailUrl\":\"https:\/\/bioefluentes.com.br\/site\/wp-content\/uploads\/2019\/07\/anastasia-taioglou-CTivHyiTbFw-unsplash.jpg\",\"datePublished\":\"2019-07-17T00:06:09+00:00\",\"dateModified\":\"2023-02-10T16:49:42+00:00\",\"breadcrumb\":{\"@id\":\"https:\/\/bioefluentes.com.br\/site\/contato\/#breadcrumb\"},\"inLanguage\":\"pt-BR\",\"potentialAction\":[{\"@type\":\"ReadAction\",\"target\":[\"https:\/\/bioefluentes.com.br\/site\/contato\/\"]}]},{\"@type\":\"ImageObject\",\"inLanguage\":\"pt-BR\",\"@id\":\"https:\/\/bioefluentes.com.br\/site\/contato\/#primaryimage\",\"url\":\"https:\/\/bioefluentes.com.br\/site\/wp-content\/uploads\/2019\/07\/anastasia-taioglou-CTivHyiTbFw-unsplash.jpg\",\"contentUrl\":\"https:\/\/bioefluentes.com.br\/site\/wp-content\/uploads\/2019\/07\/anastasia-taioglou-CTivHyiTbFw-unsplash.jpg\",\"width\":4288,\"height\":2848},{\"@type\":\"BreadcrumbList\",\"@id\":\"https:\/\/bioefluentes.com.br\/site\/contato\/#breadcrumb\",\"itemListElement\":[{\"@type\":\"ListItem\",\"position\":1,\"name\":\"In\u00edcio\",\"item\":\"https:\/\/bioefluentes.com.br\/site\/\"},{\"@type\":\"ListItem\",\"position\":2,\"name\":\"Contato\"}]},{\"@type\":\"WebSite\",\"@id\":\"https:\/\/bioefluentes.com.br\/site\/#website\",\"url\":\"https:\/\/bioefluentes.com.br\/site\/\",\"name\":\"Bio Efluentes\",\"description\":\"Site institucional da empresa Bio Efluentes\",\"potentialAction\":[{\"@type\":\"SearchAction\",\"target\":{\"@type\":\"EntryPoint\",\"urlTemplate\":\"https:\/\/bioefluentes.com.br\/site\/?s={search_term_string}\"},\"query-input\":\"required name=search_term_string\"}],\"inLanguage\":\"pt-BR\"}]}<\/script>\n<!-- \/ Yoast SEO plugin. -->","yoast_head_json":{"title":"Contato - Bio Efluentes","robots":{"index":"index","follow":"follow","max-snippet":"max-snippet:-1","max-image-preview":"max-image-preview:large","max-video-preview":"max-video-preview:-1"},"canonical":"https:\/\/bioefluentes.com.br\/site\/contato\/","og_locale":"pt_BR","og_type":"article","og_title":"Contato - Bio Efluentes","og_description":"Envie-nos uma mensagem Preencha todos os campos abaixo e envie uma mensagem diretamente para n\u00f3s! Contato comercial Falar com TATIANA FAGUNDES SANT ANNAbioefluentes1@gmail.comM\u00f3vel: (11) 99939-2117 (whatsapp) Contato Bio Efluentes Telefone: (11) 99985-6841 (whatsapp)E-mail: fazendagrama@terra.com.br Localiza\u00e7\u00e3o Joan\u00f3polis &#8211; SP","og_url":"https:\/\/bioefluentes.com.br\/site\/contato\/","og_site_name":"Bio Efluentes","article_modified_time":"2023-02-10T16:49:42+00:00","og_image":[{"width":4288,"height":2848,"url":"https:\/\/bioefluentes.com.br\/site\/wp-content\/uploads\/2019\/07\/anastasia-taioglou-CTivHyiTbFw-unsplash.jpg","type":"image\/jpeg"}],"twitter_card":"summary_large_image","twitter_misc":{"Est. tempo de leitura":"1 minuto"},"schema":{"@context":"https:\/\/schema.org","@graph":[{"@type":"WebPage","@id":"https:\/\/bioefluentes.com.br\/site\/contato\/","url":"https:\/\/bioefluentes.com.br\/site\/contato\/","name":"Contato - Bio Efluentes","isPartOf":{"@id":"https:\/\/bioefluentes.com.br\/site\/#website"},"primaryImageOfPage":{"@id":"https:\/\/bioefluentes.com.br\/site\/contato\/#primaryimage"},"image":{"@id":"https:\/\/bioefluentes.com.br\/site\/contato\/#primaryimage"},"thumbnailUrl":"https:\/\/bioefluentes.com.br\/site\/wp-content\/uploads\/2019\/07\/anastasia-taioglou-CTivHyiTbFw-unsplash.jpg","datePublished":"2019-07-17T00:06:09+00:00","dateModified":"2023-02-10T16:49:42+00:00","breadcrumb":{"@id":"https:\/\/bioefluentes.com.br\/site\/contato\/#breadcrumb"},"inLanguage":"pt-BR","potentialAction":[{"@type":"ReadAction","target":["https:\/\/bioefluentes.com.br\/site\/contato\/"]}]},{"@type":"ImageObject","inLanguage":"pt-BR","@id":"https:\/\/bioefluentes.com.br\/site\/contato\/#primaryimage","url":"https:\/\/bioefluentes.com.br\/site\/wp-content\/uploads\/2019\/07\/anastasia-taioglou-CTivHyiTbFw-unsplash.jpg","contentUrl":"https:\/\/bioefluentes.com.br\/site\/wp-content\/uploads\/2019\/07\/anastasia-taioglou-CTivHyiTbFw-unsplash.jpg","width":4288,"height":2848},{"@type":"BreadcrumbList","@id":"https:\/\/bioefluentes.com.br\/site\/contato\/#breadcrumb","itemListElement":[{"@type":"ListItem","position":1,"name":"In\u00edcio","item":"https:\/\/bioefluentes.com.br\/site\/"},{"@type":"ListItem","position":2,"name":"Contato"}]},{"@type":"WebSite","@id":"https:\/\/bioefluentes.com.br\/site\/#website","url":"https:\/\/bioefluentes.com.br\/site\/","name":"Bio Efluentes","description":"Site institucional da empresa Bio Efluentes","potentialAction":[{"@type":"SearchAction","target":{"@type":"EntryPoint","urlTemplate":"https:\/\/bioefluentes.com.br\/site\/?s={search_term_string}"},"query-input":"required name=search_term_string"}],"inLanguage":"pt-BR"}]}},"_links":{"self":[{"href":"https:\/\/bioefluentes.com.br\/site\/wp-json\/wp\/v2\/pages\/17"}],"collection":[{"href":"https:\/\/bioefluentes.com.br\/site\/wp-json\/wp\/v2\/pages"}],"about":[{"href":"https:\/\/bioefluentes.com.br\/site\/wp-json\/wp\/v2\/types\/page"}],"author":[{"embeddable":true,"href":"https:\/\/bioefluentes.com.br\/site\/wp-json\/wp\/v2\/users\/1"}],"replies":[{"embeddable":true,"href":"https:\/\/bioefluentes.com.br\/site\/wp-json\/wp\/v2\/comments?post=17"}],"version-history":[{"count":12,"href":"https:\/\/bioefluentes.com.br\/site\/wp-json\/wp\/v2\/pages\/17\/revisions"}],"predecessor-version":[{"id":255,"href":"https:\/\/bioefluentes.com.br\/site\/wp-json\/wp\/v2\/pages\/17\/revisions\/255"}],"wp:featuredmedia":[{"embeddable":true,"href":"https:\/\/bioefluentes.com.br\/site\/wp-json\/wp\/v2\/media\/53"}],"wp:attachment":[{"href":"https:\/\/bioefluentes.com.br\/site\/wp-json\/wp\/v2\/media?parent=17"}],"curies":[{"name":"wp","href":"https:\/\/api.w.org\/{rel}","templated":true}]}}