{"id":163,"date":"2019-08-22T01:02:28","date_gmt":"2019-08-22T01:02:28","guid":{"rendered":"https:\/\/bioefluentes.com.br\/site\/?page_id=163"},"modified":"2023-02-22T15:13:00","modified_gmt":"2023-02-22T15:13:00","slug":"bio-lagoas","status":"publish","type":"page","link":"https:\/\/bioefluentes.com.br\/site\/produtos\/bio-lagoas\/","title":{"rendered":"Bio \u2013 Lodo Biol\u00f3gico"},"content":{"rendered":"\n<p>Produto de grande abrang\u00eancia utilizado para biodegrada\u00e7\u00e3o de compostos org\u00e2nicos presentes em esta\u00e7\u00f5es de tratamento de efluentes dom\u00e9sticos e industriais.<\/p>\n\n\n\n<p>-Maior classifica\u00e7\u00e3o da agua residu\u00e1ria<\/p>\n\n\n\n<p>-Aumento da taxa de utiliza\u00e7\u00e3o de oxig\u00eanio, otimizando o seu consulmo<\/p>\n\n\n\n<p>-Aumento da diversidade de microrganismos presentes na microbiota melhorando as bact\u00e9rias filamentosas<\/p>\n\n\n\n<p>-Otimiza\u00e7\u00e3o de custos operacionais, uma vez que o aditivo biol\u00f3gico biodegrada a mat\u00e9ria org\u00e2nica<\/p>\n\n\n\n<p>-Estabiliza\u00e7\u00e3o nos valores de efici\u00eancia para o lan\u00e7amento final, reduzindo DBO\/DQO entre outros comp\u00f4s org\u00e2nico <\/p>\n\n\n\n<p>-Melhor desempenho da esta\u00e7\u00e3o quanto \u00e0 choques de carga, vaz\u00e3o, etc.<\/p>\n\n\n\n<p>-Melhores qualidades f\u00edsicas do lodo gerado (facilidade de prensagem, desague, etc)<\/p>\n\n\n\n<p><\/p>\n\n\n\n<hr class=\"wp-block-separator has-css-opacity\"\/>\n\n\n\n<p><strong>Linhas de Produtos Bio Efluentes:<\/strong><\/p>\n\n\n\n<p class=\"sem-link\"><img decoding=\"async\" loading=\"lazy\" width=\"54\" height=\"55\" class=\"wp-image-103\" style=\"width: 22px;\" src=\"https:\/\/bioefluentes.com.br\/site\/wp-content\/uploads\/2019\/07\/item-pingo-dagua-azul-folha-verde-bio-efluentes.png\" alt=\"\"> <a href=\"https:\/\/bioefluentes.com.br\/site\/produtos\/bio-gordura\/\">Bio \u2013 Gordura<\/a><br><img decoding=\"async\" loading=\"lazy\" width=\"54\" height=\"55\" class=\"wp-image-103\" style=\"width: 22px;\" src=\"https:\/\/bioefluentes.com.br\/site\/wp-content\/uploads\/2019\/07\/item-pingo-dagua-azul-folha-verde-bio-efluentes.png\" alt=\"\"> <a href=\"https:\/\/bioefluentes.com.br\/site\/produtos\/bio-fossa-septica\/\">Bio \u2013 Fossa S\u00e9ptica<\/a><br><img decoding=\"async\" loading=\"lazy\" width=\"54\" height=\"55\" class=\"wp-image-103\" style=\"width: 22px;\" src=\"https:\/\/bioefluentes.com.br\/site\/wp-content\/uploads\/2019\/07\/item-pingo-dagua-azul-folha-verde-bio-efluentes.png\" alt=\"\"> <a href=\"https:\/\/bioefluentes.com.br\/site\/produtos\/bio-atf\/\">Bio \u2013 ATF<\/a><br><img decoding=\"async\" loading=\"lazy\" width=\"54\" height=\"55\" class=\"wp-image-103\" style=\"width: 22px;\" src=\"https:\/\/bioefluentes.com.br\/site\/wp-content\/uploads\/2019\/07\/item-pingo-dagua-azul-folha-verde-bio-efluentes.png\" alt=\"\"> <a href=\"https:\/\/bioefluentes.com.br\/site\/produtos\/bio-3500h\/\">Bio \u2013 3500H<\/a><br><img decoding=\"async\" loading=\"lazy\" width=\"54\" height=\"55\" class=\"wp-image-103\" style=\"width: 22px;\" src=\"https:\/\/bioefluentes.com.br\/site\/wp-content\/uploads\/2019\/07\/item-pingo-dagua-azul-folha-verde-bio-efluentes.png\" alt=\"\"> <a href=\"https:\/\/bioefluentes.com.br\/site\/produtos\/bio-lacto\/\">Bio \u2013 Lacto<\/a><br><img decoding=\"async\" loading=\"lazy\" width=\"54\" height=\"55\" class=\"wp-image-103\" style=\"width: 22px;\" src=\"https:\/\/bioefluentes.com.br\/site\/wp-content\/uploads\/2019\/07\/item-pingo-dagua-azul-folha-verde-bio-efluentes.png\" alt=\"\"> <a href=\"https:\/\/bioefluentes.com.br\/site\/produtos\/bio-solo\/\">Bio \u2013 Solo<\/a><br><img decoding=\"async\" loading=\"lazy\" width=\"54\" height=\"55\" class=\"wp-image-103\" style=\"width: 22px;\" src=\"https:\/\/bioefluentes.com.br\/site\/wp-content\/uploads\/2019\/07\/item-pingo-dagua-azul-folha-verde-bio-efluentes.png\" alt=\"\"> <a href=\"https:\/\/bioefluentes.com.br\/site\/produtos\/bio-desnitrificante\/\">Bio \u2013 Desnitrificante<\/a><br><img decoding=\"async\" loading=\"lazy\" width=\"54\" height=\"55\" class=\"wp-image-103\" style=\"width: 22px;\" src=\"https:\/\/bioefluentes.com.br\/site\/wp-content\/uploads\/2019\/07\/item-pingo-dagua-azul-folha-verde-bio-efluentes.png\" alt=\"\"> <a href=\"https:\/\/bioefluentes.com.br\/site\/produtos\/bio-nitrificante\/\">Bio \u2013 Nitrificante<\/a><br><img decoding=\"async\" loading=\"lazy\" width=\"54\" height=\"55\" class=\"wp-image-103\" style=\"width: 22px;\" src=\"https:\/\/bioefluentes.com.br\/site\/wp-content\/uploads\/2019\/07\/item-pingo-dagua-azul-folha-verde-bio-efluentes.png\" alt=\"\"> <a href=\"https:\/\/bioefluentes.com.br\/site\/produtos\/bio-filtros\/\">Bio \u2013 Filtros<\/a><br><img decoding=\"async\" loading=\"lazy\" width=\"54\" height=\"55\" class=\"wp-image-103\" style=\"width: 22px;\" src=\"https:\/\/bioefluentes.com.br\/site\/wp-content\/uploads\/2019\/07\/item-pingo-dagua-azul-folha-verde-bio-efluentes.png\" alt=\"\"> <a href=\"https:\/\/bioefluentes.com.br\/site\/produtos\/lmx\/\">LMX<\/a><br><\/p>\n","protected":false},"excerpt":{"rendered":"<p>Produto de grande abrang\u00eancia utilizado para biodegrada\u00e7\u00e3o de compostos org\u00e2nicos presentes em esta\u00e7\u00f5es de tratamento de efluentes dom\u00e9sticos e industriais. -Maior classifica\u00e7\u00e3o da agua residu\u00e1ria -Aumento da taxa de utiliza\u00e7\u00e3o de oxig\u00eanio, otimizando o seu consulmo -Aumento da diversidade de microrganismos presentes na microbiota melhorando as bact\u00e9rias filamentosas -Otimiza\u00e7\u00e3o de custos operacionais, uma vez que &hellip; <a href=\"https:\/\/bioefluentes.com.br\/site\/produtos\/bio-lagoas\/\" class=\"more-link\">Continuar lendo <span class=\"screen-reader-text\">Bio \u2013 Lodo Biol\u00f3gico<\/span><\/a><\/p>\n","protected":false},"author":1,"featured_media":0,"parent":13,"menu_order":12,"comment_status":"closed","ping_status":"closed","template":"page-templates\/full-width-page.php","meta":[],"yoast_head":"<!-- This site is optimized with the Yoast SEO plugin v23.0 - https:\/\/yoast.com\/wordpress\/plugins\/seo\/ -->\n<title>Bio \u2013 Lodo Biol\u00f3gico - Bio Efluentes<\/title>\n<meta name=\"robots\" content=\"index, follow, max-snippet:-1, max-image-preview:large, max-video-preview:-1\" \/>\n<link rel=\"canonical\" href=\"https:\/\/bioefluentes.com.br\/site\/produtos\/bio-lagoas\/\" \/>\n<meta property=\"og:locale\" content=\"pt_BR\" \/>\n<meta property=\"og:type\" content=\"article\" \/>\n<meta property=\"og:title\" content=\"Bio \u2013 Lodo Biol\u00f3gico - Bio Efluentes\" \/>\n<meta property=\"og:description\" content=\"Produto de grande abrang\u00eancia utilizado para biodegrada\u00e7\u00e3o de compostos org\u00e2nicos presentes em esta\u00e7\u00f5es de tratamento de efluentes dom\u00e9sticos e industriais. -Maior classifica\u00e7\u00e3o da agua residu\u00e1ria -Aumento da taxa de utiliza\u00e7\u00e3o de oxig\u00eanio, otimizando o seu consulmo -Aumento da diversidade de microrganismos presentes na microbiota melhorando as bact\u00e9rias filamentosas -Otimiza\u00e7\u00e3o de custos operacionais, uma vez que &hellip; Continuar lendo Bio \u2013 Lodo Biol\u00f3gico\" \/>\n<meta property=\"og:url\" content=\"https:\/\/bioefluentes.com.br\/site\/produtos\/bio-lagoas\/\" \/>\n<meta property=\"og:site_name\" content=\"Bio Efluentes\" \/>\n<meta property=\"article:modified_time\" content=\"2023-02-22T15:13:00+00:00\" \/>\n<meta property=\"og:image\" content=\"https:\/\/bioefluentes.com.br\/site\/wp-content\/uploads\/2019\/07\/item-pingo-dagua-azul-folha-verde-bio-efluentes.png\" \/>\n<meta name=\"twitter:card\" content=\"summary_large_image\" \/>\n<meta name=\"twitter:label1\" content=\"Est. tempo de leitura\" \/>\n\t<meta name=\"twitter:data1\" content=\"3 minutos\" \/>\n<script type=\"application\/ld+json\" class=\"yoast-schema-graph\">{\"@context\":\"https:\/\/schema.org\",\"@graph\":[{\"@type\":\"WebPage\",\"@id\":\"https:\/\/bioefluentes.com.br\/site\/produtos\/bio-lagoas\/\",\"url\":\"https:\/\/bioefluentes.com.br\/site\/produtos\/bio-lagoas\/\",\"name\":\"Bio \u2013 Lodo Biol\u00f3gico - Bio Efluentes\",\"isPartOf\":{\"@id\":\"https:\/\/bioefluentes.com.br\/site\/#website\"},\"primaryImageOfPage\":{\"@id\":\"https:\/\/bioefluentes.com.br\/site\/produtos\/bio-lagoas\/#primaryimage\"},\"image\":{\"@id\":\"https:\/\/bioefluentes.com.br\/site\/produtos\/bio-lagoas\/#primaryimage\"},\"thumbnailUrl\":\"https:\/\/bioefluentes.com.br\/site\/wp-content\/uploads\/2019\/07\/item-pingo-dagua-azul-folha-verde-bio-efluentes.png\",\"datePublished\":\"2019-08-22T01:02:28+00:00\",\"dateModified\":\"2023-02-22T15:13:00+00:00\",\"breadcrumb\":{\"@id\":\"https:\/\/bioefluentes.com.br\/site\/produtos\/bio-lagoas\/#breadcrumb\"},\"inLanguage\":\"pt-BR\",\"potentialAction\":[{\"@type\":\"ReadAction\",\"target\":[\"https:\/\/bioefluentes.com.br\/site\/produtos\/bio-lagoas\/\"]}]},{\"@type\":\"ImageObject\",\"inLanguage\":\"pt-BR\",\"@id\":\"https:\/\/bioefluentes.com.br\/site\/produtos\/bio-lagoas\/#primaryimage\",\"url\":\"https:\/\/bioefluentes.com.br\/site\/wp-content\/uploads\/2019\/07\/item-pingo-dagua-azul-folha-verde-bio-efluentes.png\",\"contentUrl\":\"https:\/\/bioefluentes.com.br\/site\/wp-content\/uploads\/2019\/07\/item-pingo-dagua-azul-folha-verde-bio-efluentes.png\",\"width\":54,\"height\":55},{\"@type\":\"BreadcrumbList\",\"@id\":\"https:\/\/bioefluentes.com.br\/site\/produtos\/bio-lagoas\/#breadcrumb\",\"itemListElement\":[{\"@type\":\"ListItem\",\"position\":1,\"name\":\"In\u00edcio\",\"item\":\"https:\/\/bioefluentes.com.br\/site\/\"},{\"@type\":\"ListItem\",\"position\":2,\"name\":\"Produtos\",\"item\":\"https:\/\/bioefluentes.com.br\/site\/produtos\/\"},{\"@type\":\"ListItem\",\"position\":3,\"name\":\"Bio \u2013 Lodo Biol\u00f3gico\"}]},{\"@type\":\"WebSite\",\"@id\":\"https:\/\/bioefluentes.com.br\/site\/#website\",\"url\":\"https:\/\/bioefluentes.com.br\/site\/\",\"name\":\"Bio Efluentes\",\"description\":\"Site institucional da empresa Bio Efluentes\",\"potentialAction\":[{\"@type\":\"SearchAction\",\"target\":{\"@type\":\"EntryPoint\",\"urlTemplate\":\"https:\/\/bioefluentes.com.br\/site\/?s={search_term_string}\"},\"query-input\":\"required name=search_term_string\"}],\"inLanguage\":\"pt-BR\"}]}<\/script>\n<!-- \/ Yoast SEO plugin. -->","yoast_head_json":{"title":"Bio \u2013 Lodo Biol\u00f3gico - Bio Efluentes","robots":{"index":"index","follow":"follow","max-snippet":"max-snippet:-1","max-image-preview":"max-image-preview:large","max-video-preview":"max-video-preview:-1"},"canonical":"https:\/\/bioefluentes.com.br\/site\/produtos\/bio-lagoas\/","og_locale":"pt_BR","og_type":"article","og_title":"Bio \u2013 Lodo Biol\u00f3gico - Bio Efluentes","og_description":"Produto de grande abrang\u00eancia utilizado para biodegrada\u00e7\u00e3o de compostos org\u00e2nicos presentes em esta\u00e7\u00f5es de tratamento de efluentes dom\u00e9sticos e industriais. -Maior classifica\u00e7\u00e3o da agua residu\u00e1ria -Aumento da taxa de utiliza\u00e7\u00e3o de oxig\u00eanio, otimizando o seu consulmo -Aumento da diversidade de microrganismos presentes na microbiota melhorando as bact\u00e9rias filamentosas -Otimiza\u00e7\u00e3o de custos operacionais, uma vez que &hellip; Continuar lendo Bio \u2013 Lodo Biol\u00f3gico","og_url":"https:\/\/bioefluentes.com.br\/site\/produtos\/bio-lagoas\/","og_site_name":"Bio Efluentes","article_modified_time":"2023-02-22T15:13:00+00:00","og_image":[{"url":"https:\/\/bioefluentes.com.br\/site\/wp-content\/uploads\/2019\/07\/item-pingo-dagua-azul-folha-verde-bio-efluentes.png"}],"twitter_card":"summary_large_image","twitter_misc":{"Est. tempo de leitura":"3 minutos"},"schema":{"@context":"https:\/\/schema.org","@graph":[{"@type":"WebPage","@id":"https:\/\/bioefluentes.com.br\/site\/produtos\/bio-lagoas\/","url":"https:\/\/bioefluentes.com.br\/site\/produtos\/bio-lagoas\/","name":"Bio \u2013 Lodo Biol\u00f3gico - Bio Efluentes","isPartOf":{"@id":"https:\/\/bioefluentes.com.br\/site\/#website"},"primaryImageOfPage":{"@id":"https:\/\/bioefluentes.com.br\/site\/produtos\/bio-lagoas\/#primaryimage"},"image":{"@id":"https:\/\/bioefluentes.com.br\/site\/produtos\/bio-lagoas\/#primaryimage"},"thumbnailUrl":"https:\/\/bioefluentes.com.br\/site\/wp-content\/uploads\/2019\/07\/item-pingo-dagua-azul-folha-verde-bio-efluentes.png","datePublished":"2019-08-22T01:02:28+00:00","dateModified":"2023-02-22T15:13:00+00:00","breadcrumb":{"@id":"https:\/\/bioefluentes.com.br\/site\/produtos\/bio-lagoas\/#breadcrumb"},"inLanguage":"pt-BR","potentialAction":[{"@type":"ReadAction","target":["https:\/\/bioefluentes.com.br\/site\/produtos\/bio-lagoas\/"]}]},{"@type":"ImageObject","inLanguage":"pt-BR","@id":"https:\/\/bioefluentes.com.br\/site\/produtos\/bio-lagoas\/#primaryimage","url":"https:\/\/bioefluentes.com.br\/site\/wp-content\/uploads\/2019\/07\/item-pingo-dagua-azul-folha-verde-bio-efluentes.png","contentUrl":"https:\/\/bioefluentes.com.br\/site\/wp-content\/uploads\/2019\/07\/item-pingo-dagua-azul-folha-verde-bio-efluentes.png","width":54,"height":55},{"@type":"BreadcrumbList","@id":"https:\/\/bioefluentes.com.br\/site\/produtos\/bio-lagoas\/#breadcrumb","itemListElement":[{"@type":"ListItem","position":1,"name":"In\u00edcio","item":"https:\/\/bioefluentes.com.br\/site\/"},{"@type":"ListItem","position":2,"name":"Produtos","item":"https:\/\/bioefluentes.com.br\/site\/produtos\/"},{"@type":"ListItem","position":3,"name":"Bio \u2013 Lodo Biol\u00f3gico"}]},{"@type":"WebSite","@id":"https:\/\/bioefluentes.com.br\/site\/#website","url":"https:\/\/bioefluentes.com.br\/site\/","name":"Bio Efluentes","description":"Site institucional da empresa Bio Efluentes","potentialAction":[{"@type":"SearchAction","target":{"@type":"EntryPoint","urlTemplate":"https:\/\/bioefluentes.com.br\/site\/?s={search_term_string}"},"query-input":"required name=search_term_string"}],"inLanguage":"pt-BR"}]}},"_links":{"self":[{"href":"https:\/\/bioefluentes.com.br\/site\/wp-json\/wp\/v2\/pages\/163"}],"collection":[{"href":"https:\/\/bioefluentes.com.br\/site\/wp-json\/wp\/v2\/pages"}],"about":[{"href":"https:\/\/bioefluentes.com.br\/site\/wp-json\/wp\/v2\/types\/page"}],"author":[{"embeddable":true,"href":"https:\/\/bioefluentes.com.br\/site\/wp-json\/wp\/v2\/users\/1"}],"replies":[{"embeddable":true,"href":"https:\/\/bioefluentes.com.br\/site\/wp-json\/wp\/v2\/comments?post=163"}],"version-history":[{"count":4,"href":"https:\/\/bioefluentes.com.br\/site\/wp-json\/wp\/v2\/pages\/163\/revisions"}],"predecessor-version":[{"id":294,"href":"https:\/\/bioefluentes.com.br\/site\/wp-json\/wp\/v2\/pages\/163\/revisions\/294"}],"up":[{"embeddable":true,"href":"https:\/\/bioefluentes.com.br\/site\/wp-json\/wp\/v2\/pages\/13"}],"wp:attachment":[{"href":"https:\/\/bioefluentes.com.br\/site\/wp-json\/wp\/v2\/media?parent=163"}],"curies":[{"name":"wp","href":"https:\/\/api.w.org\/{rel}","templated":true}]}}