{"id":16,"date":"2019-07-17T00:06:09","date_gmt":"2019-07-17T00:06:09","guid":{"rendered":"https:\/\/bioefluentes.com.br\/site\/?page_id=16"},"modified":"2019-08-22T01:37:10","modified_gmt":"2019-08-22T01:37:10","slug":"perguntas-e-respostas","status":"publish","type":"page","link":"https:\/\/bioefluentes.com.br\/site\/perguntas-e-respostas\/","title":{"rendered":"F.A.Q \u2013 Perguntas &#038; Respostas"},"content":{"rendered":"\n<h2 class=\"titulo-azul\">1<strong>. Por que utilizar o processo da bioaumenta\u00e7\u00e3o?<\/strong> <\/h2>\n\n\n\n<p>Do ponto de vista quantitativo, um sistema de tratamento de efluentes, j\u00e1 possuem substratos, por\u00e9m, n\u00e3o cont\u00eam especificidade. Os aditivos biol\u00f3gicos <strong>Bio Efluentes<\/strong>, melhoram a qualidade do efluente uma vez que fornecem os substratos necess\u00e1rios para uma cultura permanente.<\/p>\n\n\n\n<h2 class=\"titulo-azul\"><strong>2. Quais s\u00e3o os benef\u00edcios de utilizar a tecnologia de acelera\u00e7\u00e3o biol\u00f3gica?<\/strong> <\/h2>\n\n\n\n<ul><li> Evitar custos altos de investimentos em equipamentos operacionais, j\u00e1  que nosso processo biol\u00f3gico aumenta a capacidade de tratamento do  efluente e efici\u00eancia do sistema existente sem necessidade de expans\u00e3o; <\/li><li> Biodegrada\u00e7\u00e3o dos lip\u00eddios (gorduras, \u00f3leos e graxas), das prote\u00ednas e dos carboidratos. <\/li><li> O processo <strong>Bio Efluentes<\/strong> reduz o acumulo de lodo; <\/li><li> Elimina maus odores, j\u00e1 que em alguns processos o ciclo do enxofre gera como produto final o sulfeto de hidrog\u00eanio (H2S), cujo odor \u00e9 muito  desagrad\u00e1vel e possui toxidade alta. Os aditivos biol\u00f3gicos do processo <strong>Bio Efluentes<\/strong>  conseguem a degrada\u00e7\u00e3o destes substratos, transformando-os em di\u00f3xido de carbono (CO2), agua e energia, reduzindo os gases nocivos;<\/li><li>A acelera\u00e7\u00e3o biol\u00f3gica proporciona redu\u00e7\u00e3o global do efeito poluente, j\u00e1 que reduz DBO, DQO, sulfeto, \u00f3leos, graxas e s\u00f3lidos totais. <\/li><\/ul>\n\n\n\n<h2 class=\"titulo-azul\"><strong>3. Quais s\u00e3o os subprodutos do processo ECO BIO?<\/strong> <\/h2>\n\n\n\n<p>Os  subprodutos do metabolismo dos aditivos biol\u00f3gicos do processo <strong>Bio  Efluentes<\/strong> s\u00e3o di\u00f3xido de carbono, \u00e1gua e produtos oxidados intermedi\u00e1rios de carboidratos, prote\u00ednas e lip\u00eddios, todos n\u00e3o poluentes e sem odores nocivos.<\/p>\n\n\n\n<h2 class=\"titulo-azul\">4. <strong>Por que \u00e9 necess\u00e1rio fazer a dosagem di\u00e1ria?<\/strong> <\/h2>\n\n\n\n<p>Como o fluxo do efluente \u00e9 continuo e falta substrato para os microrganismos  existentes, estes n\u00e3o conseguem formar a domin\u00e2ncia, por isso, a  dosagem di\u00e1ria permite essa suplementa\u00e7\u00e3o, garantindo ao efluente  tratado uma melhor qualidade.<\/p>\n\n\n\n<h2 class=\"titulo-azul\"><strong>5. Existe a possibilidade de prejudicar o ecossistema?<\/strong> <\/h2>\n\n\n\n<p>N\u00e3o, pois os aditivos biol\u00f3gicos s\u00e3o 100% naturais, totalmente compat\u00edveis  com organismos aqu\u00e1ticos e a suspens\u00e3o aquosa utilizada n\u00e3o \u00e9 t\u00f3xica,  inflam\u00e1vel, combust\u00edvel ou corrosivo. <\/p>\n","protected":false},"excerpt":{"rendered":"<p>1. Por que utilizar o processo da bioaumenta\u00e7\u00e3o? Do ponto de vista quantitativo, um sistema de tratamento de efluentes, j\u00e1 possuem substratos, por\u00e9m, n\u00e3o cont\u00eam especificidade. Os aditivos biol\u00f3gicos Bio Efluentes, melhoram a qualidade do efluente uma vez que fornecem os substratos necess\u00e1rios para uma cultura permanente. 2. Quais s\u00e3o os benef\u00edcios de utilizar a &hellip; <a href=\"https:\/\/bioefluentes.com.br\/site\/perguntas-e-respostas\/\" class=\"more-link\">Continuar lendo <span class=\"screen-reader-text\">F.A.Q \u2013 Perguntas &#038; Respostas<\/span><\/a><\/p>\n","protected":false},"author":1,"featured_media":54,"parent":0,"menu_order":2,"comment_status":"closed","ping_status":"closed","template":"page-templates\/full-width-page.php","meta":[],"yoast_head":"<!-- This site is optimized with the Yoast SEO plugin v23.0 - https:\/\/yoast.com\/wordpress\/plugins\/seo\/ -->\n<title>F.A.Q \u2013 Perguntas &amp; Respostas - Bio Efluentes<\/title>\n<meta name=\"robots\" content=\"index, follow, max-snippet:-1, max-image-preview:large, max-video-preview:-1\" \/>\n<link rel=\"canonical\" href=\"https:\/\/bioefluentes.com.br\/site\/perguntas-e-respostas\/\" \/>\n<meta property=\"og:locale\" content=\"pt_BR\" \/>\n<meta property=\"og:type\" content=\"article\" \/>\n<meta property=\"og:title\" content=\"F.A.Q \u2013 Perguntas &amp; Respostas - Bio Efluentes\" \/>\n<meta property=\"og:description\" content=\"1. Por que utilizar o processo da bioaumenta\u00e7\u00e3o? Do ponto de vista quantitativo, um sistema de tratamento de efluentes, j\u00e1 possuem substratos, por\u00e9m, n\u00e3o cont\u00eam especificidade. Os aditivos biol\u00f3gicos Bio Efluentes, melhoram a qualidade do efluente uma vez que fornecem os substratos necess\u00e1rios para uma cultura permanente. 2. Quais s\u00e3o os benef\u00edcios de utilizar a &hellip; Continuar lendo F.A.Q \u2013 Perguntas &#038; Respostas\" \/>\n<meta property=\"og:url\" content=\"https:\/\/bioefluentes.com.br\/site\/perguntas-e-respostas\/\" \/>\n<meta property=\"og:site_name\" content=\"Bio Efluentes\" \/>\n<meta property=\"article:modified_time\" content=\"2019-08-22T01:37:10+00:00\" \/>\n<meta property=\"og:image\" content=\"https:\/\/bioefluentes.com.br\/site\/wp-content\/uploads\/2019\/07\/artur-d-LnPS1kc1QPE-unsplash-1024x683.jpg\" \/>\n\t<meta property=\"og:image:width\" content=\"1024\" \/>\n\t<meta property=\"og:image:height\" content=\"683\" \/>\n\t<meta property=\"og:image:type\" content=\"image\/jpeg\" \/>\n<meta name=\"twitter:card\" content=\"summary_large_image\" \/>\n<meta name=\"twitter:label1\" content=\"Est. tempo de leitura\" \/>\n\t<meta name=\"twitter:data1\" content=\"2 minutos\" \/>\n<script type=\"application\/ld+json\" class=\"yoast-schema-graph\">{\"@context\":\"https:\/\/schema.org\",\"@graph\":[{\"@type\":\"WebPage\",\"@id\":\"https:\/\/bioefluentes.com.br\/site\/perguntas-e-respostas\/\",\"url\":\"https:\/\/bioefluentes.com.br\/site\/perguntas-e-respostas\/\",\"name\":\"F.A.Q \u2013 Perguntas & Respostas - Bio Efluentes\",\"isPartOf\":{\"@id\":\"https:\/\/bioefluentes.com.br\/site\/#website\"},\"primaryImageOfPage\":{\"@id\":\"https:\/\/bioefluentes.com.br\/site\/perguntas-e-respostas\/#primaryimage\"},\"image\":{\"@id\":\"https:\/\/bioefluentes.com.br\/site\/perguntas-e-respostas\/#primaryimage\"},\"thumbnailUrl\":\"https:\/\/bioefluentes.com.br\/site\/wp-content\/uploads\/2019\/07\/artur-d-LnPS1kc1QPE-unsplash.jpg\",\"datePublished\":\"2019-07-17T00:06:09+00:00\",\"dateModified\":\"2019-08-22T01:37:10+00:00\",\"breadcrumb\":{\"@id\":\"https:\/\/bioefluentes.com.br\/site\/perguntas-e-respostas\/#breadcrumb\"},\"inLanguage\":\"pt-BR\",\"potentialAction\":[{\"@type\":\"ReadAction\",\"target\":[\"https:\/\/bioefluentes.com.br\/site\/perguntas-e-respostas\/\"]}]},{\"@type\":\"ImageObject\",\"inLanguage\":\"pt-BR\",\"@id\":\"https:\/\/bioefluentes.com.br\/site\/perguntas-e-respostas\/#primaryimage\",\"url\":\"https:\/\/bioefluentes.com.br\/site\/wp-content\/uploads\/2019\/07\/artur-d-LnPS1kc1QPE-unsplash.jpg\",\"contentUrl\":\"https:\/\/bioefluentes.com.br\/site\/wp-content\/uploads\/2019\/07\/artur-d-LnPS1kc1QPE-unsplash.jpg\",\"width\":5570,\"height\":3714},{\"@type\":\"BreadcrumbList\",\"@id\":\"https:\/\/bioefluentes.com.br\/site\/perguntas-e-respostas\/#breadcrumb\",\"itemListElement\":[{\"@type\":\"ListItem\",\"position\":1,\"name\":\"In\u00edcio\",\"item\":\"https:\/\/bioefluentes.com.br\/site\/\"},{\"@type\":\"ListItem\",\"position\":2,\"name\":\"F.A.Q \u2013 Perguntas &#038; Respostas\"}]},{\"@type\":\"WebSite\",\"@id\":\"https:\/\/bioefluentes.com.br\/site\/#website\",\"url\":\"https:\/\/bioefluentes.com.br\/site\/\",\"name\":\"Bio Efluentes\",\"description\":\"Site institucional da empresa Bio Efluentes\",\"potentialAction\":[{\"@type\":\"SearchAction\",\"target\":{\"@type\":\"EntryPoint\",\"urlTemplate\":\"https:\/\/bioefluentes.com.br\/site\/?s={search_term_string}\"},\"query-input\":\"required name=search_term_string\"}],\"inLanguage\":\"pt-BR\"}]}<\/script>\n<!-- \/ Yoast SEO plugin. -->","yoast_head_json":{"title":"F.A.Q \u2013 Perguntas & Respostas - Bio Efluentes","robots":{"index":"index","follow":"follow","max-snippet":"max-snippet:-1","max-image-preview":"max-image-preview:large","max-video-preview":"max-video-preview:-1"},"canonical":"https:\/\/bioefluentes.com.br\/site\/perguntas-e-respostas\/","og_locale":"pt_BR","og_type":"article","og_title":"F.A.Q \u2013 Perguntas & Respostas - Bio Efluentes","og_description":"1. Por que utilizar o processo da bioaumenta\u00e7\u00e3o? Do ponto de vista quantitativo, um sistema de tratamento de efluentes, j\u00e1 possuem substratos, por\u00e9m, n\u00e3o cont\u00eam especificidade. Os aditivos biol\u00f3gicos Bio Efluentes, melhoram a qualidade do efluente uma vez que fornecem os substratos necess\u00e1rios para uma cultura permanente. 2. Quais s\u00e3o os benef\u00edcios de utilizar a &hellip; Continuar lendo F.A.Q \u2013 Perguntas &#038; Respostas","og_url":"https:\/\/bioefluentes.com.br\/site\/perguntas-e-respostas\/","og_site_name":"Bio Efluentes","article_modified_time":"2019-08-22T01:37:10+00:00","og_image":[{"width":1024,"height":683,"url":"https:\/\/bioefluentes.com.br\/site\/wp-content\/uploads\/2019\/07\/artur-d-LnPS1kc1QPE-unsplash-1024x683.jpg","type":"image\/jpeg"}],"twitter_card":"summary_large_image","twitter_misc":{"Est. tempo de leitura":"2 minutos"},"schema":{"@context":"https:\/\/schema.org","@graph":[{"@type":"WebPage","@id":"https:\/\/bioefluentes.com.br\/site\/perguntas-e-respostas\/","url":"https:\/\/bioefluentes.com.br\/site\/perguntas-e-respostas\/","name":"F.A.Q \u2013 Perguntas & Respostas - Bio Efluentes","isPartOf":{"@id":"https:\/\/bioefluentes.com.br\/site\/#website"},"primaryImageOfPage":{"@id":"https:\/\/bioefluentes.com.br\/site\/perguntas-e-respostas\/#primaryimage"},"image":{"@id":"https:\/\/bioefluentes.com.br\/site\/perguntas-e-respostas\/#primaryimage"},"thumbnailUrl":"https:\/\/bioefluentes.com.br\/site\/wp-content\/uploads\/2019\/07\/artur-d-LnPS1kc1QPE-unsplash.jpg","datePublished":"2019-07-17T00:06:09+00:00","dateModified":"2019-08-22T01:37:10+00:00","breadcrumb":{"@id":"https:\/\/bioefluentes.com.br\/site\/perguntas-e-respostas\/#breadcrumb"},"inLanguage":"pt-BR","potentialAction":[{"@type":"ReadAction","target":["https:\/\/bioefluentes.com.br\/site\/perguntas-e-respostas\/"]}]},{"@type":"ImageObject","inLanguage":"pt-BR","@id":"https:\/\/bioefluentes.com.br\/site\/perguntas-e-respostas\/#primaryimage","url":"https:\/\/bioefluentes.com.br\/site\/wp-content\/uploads\/2019\/07\/artur-d-LnPS1kc1QPE-unsplash.jpg","contentUrl":"https:\/\/bioefluentes.com.br\/site\/wp-content\/uploads\/2019\/07\/artur-d-LnPS1kc1QPE-unsplash.jpg","width":5570,"height":3714},{"@type":"BreadcrumbList","@id":"https:\/\/bioefluentes.com.br\/site\/perguntas-e-respostas\/#breadcrumb","itemListElement":[{"@type":"ListItem","position":1,"name":"In\u00edcio","item":"https:\/\/bioefluentes.com.br\/site\/"},{"@type":"ListItem","position":2,"name":"F.A.Q \u2013 Perguntas &#038; Respostas"}]},{"@type":"WebSite","@id":"https:\/\/bioefluentes.com.br\/site\/#website","url":"https:\/\/bioefluentes.com.br\/site\/","name":"Bio Efluentes","description":"Site institucional da empresa Bio Efluentes","potentialAction":[{"@type":"SearchAction","target":{"@type":"EntryPoint","urlTemplate":"https:\/\/bioefluentes.com.br\/site\/?s={search_term_string}"},"query-input":"required name=search_term_string"}],"inLanguage":"pt-BR"}]}},"_links":{"self":[{"href":"https:\/\/bioefluentes.com.br\/site\/wp-json\/wp\/v2\/pages\/16"}],"collection":[{"href":"https:\/\/bioefluentes.com.br\/site\/wp-json\/wp\/v2\/pages"}],"about":[{"href":"https:\/\/bioefluentes.com.br\/site\/wp-json\/wp\/v2\/types\/page"}],"author":[{"embeddable":true,"href":"https:\/\/bioefluentes.com.br\/site\/wp-json\/wp\/v2\/users\/1"}],"replies":[{"embeddable":true,"href":"https:\/\/bioefluentes.com.br\/site\/wp-json\/wp\/v2\/comments?post=16"}],"version-history":[{"count":4,"href":"https:\/\/bioefluentes.com.br\/site\/wp-json\/wp\/v2\/pages\/16\/revisions"}],"predecessor-version":[{"id":134,"href":"https:\/\/bioefluentes.com.br\/site\/wp-json\/wp\/v2\/pages\/16\/revisions\/134"}],"wp:featuredmedia":[{"embeddable":true,"href":"https:\/\/bioefluentes.com.br\/site\/wp-json\/wp\/v2\/media\/54"}],"wp:attachment":[{"href":"https:\/\/bioefluentes.com.br\/site\/wp-json\/wp\/v2\/media?parent=16"}],"curies":[{"name":"wp","href":"https:\/\/api.w.org\/{rel}","templated":true}]}}