{"id":159,"date":"2019-08-22T01:01:52","date_gmt":"2019-08-22T01:01:52","guid":{"rendered":"https:\/\/bioefluentes.com.br\/site\/?page_id=159"},"modified":"2023-02-22T15:00:54","modified_gmt":"2023-02-22T15:00:54","slug":"bio-desnitrificante","status":"publish","type":"page","link":"https:\/\/bioefluentes.com.br\/site\/produtos\/bio-desnitrificante\/","title":{"rendered":"Bio \u2013 Esta\u00e7\u00e3o de de Tratamento (ETE)"},"content":{"rendered":"\n<p>a acelera\u00e7\u00e3o biol\u00f3gica proporciona redu\u00e7\u00e3o global de efluentes poluente, reduzindo a carga org\u00e2nica de <strong>DBO <\/strong>(Demanda Biol\u00f3gica de Oxig\u00eanio); <strong>DQO<\/strong> (Demanda qu\u00edmica de oxig\u00eanio); <strong>\u00d3leos e Graxas totais<\/strong>: minerais e vegetais; <strong>s\u00e9ries de s\u00f3lidos:<\/strong> total, sedimentares (residuais), fosforo, sulfeto, nitrog\u00eanio amoniacal, am\u00f4nia, BETEX, coliformes totais, Encher chia coli, entre outros compostos org\u00e2nicos cab\u00edveis de biodegrada\u00e7\u00e3o.<\/p>\n\n\n\n<hr class=\"wp-block-separator has-css-opacity\"\/>\n\n\n\n<p><strong>Linhas de Produtos Bio Efluentes<\/strong>:<\/p>\n\n\n\n<p class=\"sem-link\"><img decoding=\"async\" loading=\"lazy\" width=\"54\" height=\"55\" class=\"wp-image-103\" style=\"width: 22px;\" src=\"https:\/\/bioefluentes.com.br\/site\/wp-content\/uploads\/2019\/07\/item-pingo-dagua-azul-folha-verde-bio-efluentes.png\" alt=\"\"> <a href=\"https:\/\/bioefluentes.com.br\/site\/produtos\/bio-gordura\/\">Bio \u2013 Gordura<\/a><br><img decoding=\"async\" loading=\"lazy\" width=\"54\" height=\"55\" class=\"wp-image-103\" style=\"width: 22px;\" src=\"https:\/\/bioefluentes.com.br\/site\/wp-content\/uploads\/2019\/07\/item-pingo-dagua-azul-folha-verde-bio-efluentes.png\" alt=\"\"> <a href=\"https:\/\/bioefluentes.com.br\/site\/produtos\/bio-fossa-septica\/\">Bio \u2013 Fossa S\u00e9ptica<\/a><br><img decoding=\"async\" loading=\"lazy\" width=\"54\" height=\"55\" class=\"wp-image-103\" style=\"width: 22px;\" src=\"https:\/\/bioefluentes.com.br\/site\/wp-content\/uploads\/2019\/07\/item-pingo-dagua-azul-folha-verde-bio-efluentes.png\" alt=\"\"> <a href=\"https:\/\/bioefluentes.com.br\/site\/produtos\/bio-atf\/\">Bio \u2013 ATF<\/a><br><img decoding=\"async\" loading=\"lazy\" width=\"54\" height=\"55\" class=\"wp-image-103\" style=\"width: 22px;\" src=\"https:\/\/bioefluentes.com.br\/site\/wp-content\/uploads\/2019\/07\/item-pingo-dagua-azul-folha-verde-bio-efluentes.png\" alt=\"\"> <a href=\"https:\/\/bioefluentes.com.br\/site\/produtos\/bio-3500h\/\">Bio \u2013 3500H<\/a><br><img decoding=\"async\" loading=\"lazy\" width=\"54\" height=\"55\" class=\"wp-image-103\" style=\"width: 22px;\" src=\"https:\/\/bioefluentes.com.br\/site\/wp-content\/uploads\/2019\/07\/item-pingo-dagua-azul-folha-verde-bio-efluentes.png\" alt=\"\"> <a href=\"https:\/\/bioefluentes.com.br\/site\/produtos\/bio-lacto\/\">Bio \u2013 Lacto<\/a><br><img decoding=\"async\" loading=\"lazy\" width=\"54\" height=\"55\" class=\"wp-image-103\" style=\"width: 22px;\" src=\"https:\/\/bioefluentes.com.br\/site\/wp-content\/uploads\/2019\/07\/item-pingo-dagua-azul-folha-verde-bio-efluentes.png\" alt=\"\"> <a href=\"https:\/\/bioefluentes.com.br\/site\/produtos\/bio-solo\/\">Bio \u2013 Solo<\/a><br><img decoding=\"async\" loading=\"lazy\" width=\"54\" height=\"55\" class=\"wp-image-103\" style=\"width: 22px;\" src=\"https:\/\/bioefluentes.com.br\/site\/wp-content\/uploads\/2019\/07\/item-pingo-dagua-azul-folha-verde-bio-efluentes.png\" alt=\"\"> <a href=\"https:\/\/bioefluentes.com.br\/site\/produtos\/bio-desnitrificante\/\">Bio \u2013 Desnitrificante<\/a><br><img decoding=\"async\" loading=\"lazy\" width=\"54\" height=\"55\" class=\"wp-image-103\" style=\"width: 22px;\" src=\"https:\/\/bioefluentes.com.br\/site\/wp-content\/uploads\/2019\/07\/item-pingo-dagua-azul-folha-verde-bio-efluentes.png\" alt=\"\"> <a href=\"https:\/\/bioefluentes.com.br\/site\/produtos\/bio-nitrificante\/\">Bio \u2013 Nitrificante<\/a><br><img decoding=\"async\" loading=\"lazy\" width=\"54\" height=\"55\" class=\"wp-image-103\" style=\"width: 22px;\" src=\"https:\/\/bioefluentes.com.br\/site\/wp-content\/uploads\/2019\/07\/item-pingo-dagua-azul-folha-verde-bio-efluentes.png\" alt=\"\"> <a href=\"https:\/\/bioefluentes.com.br\/site\/produtos\/bio-lagoas\/\">Bio \u2013 Lagoas<\/a><br><img decoding=\"async\" loading=\"lazy\" width=\"54\" height=\"55\" class=\"wp-image-103\" style=\"width: 22px;\" src=\"https:\/\/bioefluentes.com.br\/site\/wp-content\/uploads\/2019\/07\/item-pingo-dagua-azul-folha-verde-bio-efluentes.png\" alt=\"\"> <a href=\"https:\/\/bioefluentes.com.br\/site\/produtos\/bio-filtros\/\">Bio \u2013 Filtros<\/a><br><img decoding=\"async\" loading=\"lazy\" width=\"54\" height=\"55\" class=\"wp-image-103\" style=\"width: 22px;\" src=\"https:\/\/bioefluentes.com.br\/site\/wp-content\/uploads\/2019\/07\/item-pingo-dagua-azul-folha-verde-bio-efluentes.png\" alt=\"\"> <a href=\"https:\/\/bioefluentes.com.br\/site\/produtos\/lmx\/\">LMX<\/a><br><\/p>\n","protected":false},"excerpt":{"rendered":"<p>a acelera\u00e7\u00e3o biol\u00f3gica proporciona redu\u00e7\u00e3o global de efluentes poluente, reduzindo a carga org\u00e2nica de DBO (Demanda Biol\u00f3gica de Oxig\u00eanio); DQO (Demanda qu\u00edmica de oxig\u00eanio); \u00d3leos e Graxas totais: minerais e vegetais; s\u00e9ries de s\u00f3lidos: total, sedimentares (residuais), fosforo, sulfeto, nitrog\u00eanio amoniacal, am\u00f4nia, BETEX, coliformes totais, Encher chia coli, entre outros compostos org\u00e2nicos cab\u00edveis de biodegrada\u00e7\u00e3o. &hellip; <a href=\"https:\/\/bioefluentes.com.br\/site\/produtos\/bio-desnitrificante\/\" class=\"more-link\">Continuar lendo <span class=\"screen-reader-text\">Bio \u2013 Esta\u00e7\u00e3o de de Tratamento (ETE)<\/span><\/a><\/p>\n","protected":false},"author":1,"featured_media":0,"parent":13,"menu_order":10,"comment_status":"closed","ping_status":"closed","template":"page-templates\/full-width-page.php","meta":[],"yoast_head":"<!-- This site is optimized with the Yoast SEO plugin v23.0 - https:\/\/yoast.com\/wordpress\/plugins\/seo\/ -->\n<title>Bio \u2013 Esta\u00e7\u00e3o de de Tratamento (ETE) - Bio Efluentes<\/title>\n<meta name=\"robots\" content=\"index, follow, max-snippet:-1, max-image-preview:large, max-video-preview:-1\" \/>\n<link rel=\"canonical\" href=\"https:\/\/bioefluentes.com.br\/site\/produtos\/bio-desnitrificante\/\" \/>\n<meta property=\"og:locale\" content=\"pt_BR\" \/>\n<meta property=\"og:type\" content=\"article\" \/>\n<meta property=\"og:title\" content=\"Bio \u2013 Esta\u00e7\u00e3o de de Tratamento (ETE) - Bio Efluentes\" \/>\n<meta property=\"og:description\" content=\"a acelera\u00e7\u00e3o biol\u00f3gica proporciona redu\u00e7\u00e3o global de efluentes poluente, reduzindo a carga org\u00e2nica de DBO (Demanda Biol\u00f3gica de Oxig\u00eanio); DQO (Demanda qu\u00edmica de oxig\u00eanio); \u00d3leos e Graxas totais: minerais e vegetais; s\u00e9ries de s\u00f3lidos: total, sedimentares (residuais), fosforo, sulfeto, nitrog\u00eanio amoniacal, am\u00f4nia, BETEX, coliformes totais, Encher chia coli, entre outros compostos org\u00e2nicos cab\u00edveis de biodegrada\u00e7\u00e3o. &hellip; Continuar lendo Bio \u2013 Esta\u00e7\u00e3o de de Tratamento (ETE)\" \/>\n<meta property=\"og:url\" content=\"https:\/\/bioefluentes.com.br\/site\/produtos\/bio-desnitrificante\/\" \/>\n<meta property=\"og:site_name\" content=\"Bio Efluentes\" \/>\n<meta property=\"article:modified_time\" content=\"2023-02-22T15:00:54+00:00\" \/>\n<meta property=\"og:image\" content=\"https:\/\/bioefluentes.com.br\/site\/wp-content\/uploads\/2019\/07\/item-pingo-dagua-azul-folha-verde-bio-efluentes.png\" \/>\n<meta name=\"twitter:card\" content=\"summary_large_image\" \/>\n<meta name=\"twitter:label1\" content=\"Est. tempo de leitura\" \/>\n\t<meta name=\"twitter:data1\" content=\"3 minutos\" \/>\n<script type=\"application\/ld+json\" class=\"yoast-schema-graph\">{\"@context\":\"https:\/\/schema.org\",\"@graph\":[{\"@type\":\"WebPage\",\"@id\":\"https:\/\/bioefluentes.com.br\/site\/produtos\/bio-desnitrificante\/\",\"url\":\"https:\/\/bioefluentes.com.br\/site\/produtos\/bio-desnitrificante\/\",\"name\":\"Bio \u2013 Esta\u00e7\u00e3o de de Tratamento (ETE) - Bio Efluentes\",\"isPartOf\":{\"@id\":\"https:\/\/bioefluentes.com.br\/site\/#website\"},\"primaryImageOfPage\":{\"@id\":\"https:\/\/bioefluentes.com.br\/site\/produtos\/bio-desnitrificante\/#primaryimage\"},\"image\":{\"@id\":\"https:\/\/bioefluentes.com.br\/site\/produtos\/bio-desnitrificante\/#primaryimage\"},\"thumbnailUrl\":\"https:\/\/bioefluentes.com.br\/site\/wp-content\/uploads\/2019\/07\/item-pingo-dagua-azul-folha-verde-bio-efluentes.png\",\"datePublished\":\"2019-08-22T01:01:52+00:00\",\"dateModified\":\"2023-02-22T15:00:54+00:00\",\"breadcrumb\":{\"@id\":\"https:\/\/bioefluentes.com.br\/site\/produtos\/bio-desnitrificante\/#breadcrumb\"},\"inLanguage\":\"pt-BR\",\"potentialAction\":[{\"@type\":\"ReadAction\",\"target\":[\"https:\/\/bioefluentes.com.br\/site\/produtos\/bio-desnitrificante\/\"]}]},{\"@type\":\"ImageObject\",\"inLanguage\":\"pt-BR\",\"@id\":\"https:\/\/bioefluentes.com.br\/site\/produtos\/bio-desnitrificante\/#primaryimage\",\"url\":\"https:\/\/bioefluentes.com.br\/site\/wp-content\/uploads\/2019\/07\/item-pingo-dagua-azul-folha-verde-bio-efluentes.png\",\"contentUrl\":\"https:\/\/bioefluentes.com.br\/site\/wp-content\/uploads\/2019\/07\/item-pingo-dagua-azul-folha-verde-bio-efluentes.png\",\"width\":54,\"height\":55},{\"@type\":\"BreadcrumbList\",\"@id\":\"https:\/\/bioefluentes.com.br\/site\/produtos\/bio-desnitrificante\/#breadcrumb\",\"itemListElement\":[{\"@type\":\"ListItem\",\"position\":1,\"name\":\"In\u00edcio\",\"item\":\"https:\/\/bioefluentes.com.br\/site\/\"},{\"@type\":\"ListItem\",\"position\":2,\"name\":\"Produtos\",\"item\":\"https:\/\/bioefluentes.com.br\/site\/produtos\/\"},{\"@type\":\"ListItem\",\"position\":3,\"name\":\"Bio \u2013 Esta\u00e7\u00e3o de de Tratamento (ETE)\"}]},{\"@type\":\"WebSite\",\"@id\":\"https:\/\/bioefluentes.com.br\/site\/#website\",\"url\":\"https:\/\/bioefluentes.com.br\/site\/\",\"name\":\"Bio Efluentes\",\"description\":\"Site institucional da empresa Bio Efluentes\",\"potentialAction\":[{\"@type\":\"SearchAction\",\"target\":{\"@type\":\"EntryPoint\",\"urlTemplate\":\"https:\/\/bioefluentes.com.br\/site\/?s={search_term_string}\"},\"query-input\":\"required name=search_term_string\"}],\"inLanguage\":\"pt-BR\"}]}<\/script>\n<!-- \/ Yoast SEO plugin. -->","yoast_head_json":{"title":"Bio \u2013 Esta\u00e7\u00e3o de de Tratamento (ETE) - Bio Efluentes","robots":{"index":"index","follow":"follow","max-snippet":"max-snippet:-1","max-image-preview":"max-image-preview:large","max-video-preview":"max-video-preview:-1"},"canonical":"https:\/\/bioefluentes.com.br\/site\/produtos\/bio-desnitrificante\/","og_locale":"pt_BR","og_type":"article","og_title":"Bio \u2013 Esta\u00e7\u00e3o de de Tratamento (ETE) - Bio Efluentes","og_description":"a acelera\u00e7\u00e3o biol\u00f3gica proporciona redu\u00e7\u00e3o global de efluentes poluente, reduzindo a carga org\u00e2nica de DBO (Demanda Biol\u00f3gica de Oxig\u00eanio); DQO (Demanda qu\u00edmica de oxig\u00eanio); \u00d3leos e Graxas totais: minerais e vegetais; s\u00e9ries de s\u00f3lidos: total, sedimentares (residuais), fosforo, sulfeto, nitrog\u00eanio amoniacal, am\u00f4nia, BETEX, coliformes totais, Encher chia coli, entre outros compostos org\u00e2nicos cab\u00edveis de biodegrada\u00e7\u00e3o. &hellip; Continuar lendo Bio \u2013 Esta\u00e7\u00e3o de de Tratamento (ETE)","og_url":"https:\/\/bioefluentes.com.br\/site\/produtos\/bio-desnitrificante\/","og_site_name":"Bio Efluentes","article_modified_time":"2023-02-22T15:00:54+00:00","og_image":[{"url":"https:\/\/bioefluentes.com.br\/site\/wp-content\/uploads\/2019\/07\/item-pingo-dagua-azul-folha-verde-bio-efluentes.png"}],"twitter_card":"summary_large_image","twitter_misc":{"Est. tempo de leitura":"3 minutos"},"schema":{"@context":"https:\/\/schema.org","@graph":[{"@type":"WebPage","@id":"https:\/\/bioefluentes.com.br\/site\/produtos\/bio-desnitrificante\/","url":"https:\/\/bioefluentes.com.br\/site\/produtos\/bio-desnitrificante\/","name":"Bio \u2013 Esta\u00e7\u00e3o de de Tratamento (ETE) - Bio Efluentes","isPartOf":{"@id":"https:\/\/bioefluentes.com.br\/site\/#website"},"primaryImageOfPage":{"@id":"https:\/\/bioefluentes.com.br\/site\/produtos\/bio-desnitrificante\/#primaryimage"},"image":{"@id":"https:\/\/bioefluentes.com.br\/site\/produtos\/bio-desnitrificante\/#primaryimage"},"thumbnailUrl":"https:\/\/bioefluentes.com.br\/site\/wp-content\/uploads\/2019\/07\/item-pingo-dagua-azul-folha-verde-bio-efluentes.png","datePublished":"2019-08-22T01:01:52+00:00","dateModified":"2023-02-22T15:00:54+00:00","breadcrumb":{"@id":"https:\/\/bioefluentes.com.br\/site\/produtos\/bio-desnitrificante\/#breadcrumb"},"inLanguage":"pt-BR","potentialAction":[{"@type":"ReadAction","target":["https:\/\/bioefluentes.com.br\/site\/produtos\/bio-desnitrificante\/"]}]},{"@type":"ImageObject","inLanguage":"pt-BR","@id":"https:\/\/bioefluentes.com.br\/site\/produtos\/bio-desnitrificante\/#primaryimage","url":"https:\/\/bioefluentes.com.br\/site\/wp-content\/uploads\/2019\/07\/item-pingo-dagua-azul-folha-verde-bio-efluentes.png","contentUrl":"https:\/\/bioefluentes.com.br\/site\/wp-content\/uploads\/2019\/07\/item-pingo-dagua-azul-folha-verde-bio-efluentes.png","width":54,"height":55},{"@type":"BreadcrumbList","@id":"https:\/\/bioefluentes.com.br\/site\/produtos\/bio-desnitrificante\/#breadcrumb","itemListElement":[{"@type":"ListItem","position":1,"name":"In\u00edcio","item":"https:\/\/bioefluentes.com.br\/site\/"},{"@type":"ListItem","position":2,"name":"Produtos","item":"https:\/\/bioefluentes.com.br\/site\/produtos\/"},{"@type":"ListItem","position":3,"name":"Bio \u2013 Esta\u00e7\u00e3o de de Tratamento (ETE)"}]},{"@type":"WebSite","@id":"https:\/\/bioefluentes.com.br\/site\/#website","url":"https:\/\/bioefluentes.com.br\/site\/","name":"Bio Efluentes","description":"Site institucional da empresa Bio Efluentes","potentialAction":[{"@type":"SearchAction","target":{"@type":"EntryPoint","urlTemplate":"https:\/\/bioefluentes.com.br\/site\/?s={search_term_string}"},"query-input":"required name=search_term_string"}],"inLanguage":"pt-BR"}]}},"_links":{"self":[{"href":"https:\/\/bioefluentes.com.br\/site\/wp-json\/wp\/v2\/pages\/159"}],"collection":[{"href":"https:\/\/bioefluentes.com.br\/site\/wp-json\/wp\/v2\/pages"}],"about":[{"href":"https:\/\/bioefluentes.com.br\/site\/wp-json\/wp\/v2\/types\/page"}],"author":[{"embeddable":true,"href":"https:\/\/bioefluentes.com.br\/site\/wp-json\/wp\/v2\/users\/1"}],"replies":[{"embeddable":true,"href":"https:\/\/bioefluentes.com.br\/site\/wp-json\/wp\/v2\/comments?post=159"}],"version-history":[{"count":4,"href":"https:\/\/bioefluentes.com.br\/site\/wp-json\/wp\/v2\/pages\/159\/revisions"}],"predecessor-version":[{"id":291,"href":"https:\/\/bioefluentes.com.br\/site\/wp-json\/wp\/v2\/pages\/159\/revisions\/291"}],"up":[{"embeddable":true,"href":"https:\/\/bioefluentes.com.br\/site\/wp-json\/wp\/v2\/pages\/13"}],"wp:attachment":[{"href":"https:\/\/bioefluentes.com.br\/site\/wp-json\/wp\/v2\/media?parent=159"}],"curies":[{"name":"wp","href":"https:\/\/api.w.org\/{rel}","templated":true}]}}