{"id":157,"date":"2019-08-22T01:01:32","date_gmt":"2019-08-22T01:01:32","guid":{"rendered":"https:\/\/bioefluentes.com.br\/site\/?page_id=157"},"modified":"2023-02-22T15:01:26","modified_gmt":"2023-02-22T15:01:26","slug":"bio-solo","status":"publish","type":"page","link":"https:\/\/bioefluentes.com.br\/site\/produtos\/bio-solo\/","title":{"rendered":"Bio \u2013 Limpa Fossa"},"content":{"rendered":"\n<p>O aditivo biol\u00f3gico substitui, os custos de retirada do local (caminh\u00e3o limpa fossa), uma vez que a mat\u00e9ria org\u00e2nica \u00e9 biodegradada no pr\u00f3prio local, de forma limpa, segura e econ\u00f4mica.<\/p>\n\n\n\n<hr class=\"wp-block-separator has-css-opacity\"\/>\n\n\n\n<p><strong>Linhas de Produtos Bio Efluentes<\/strong>:<\/p>\n\n\n\n<p class=\"sem-link\"><img decoding=\"async\" loading=\"lazy\" width=\"54\" height=\"55\" class=\"wp-image-103\" style=\"width: 22px;\" src=\"https:\/\/bioefluentes.com.br\/site\/wp-content\/uploads\/2019\/07\/item-pingo-dagua-azul-folha-verde-bio-efluentes.png\" alt=\"\"> <a href=\"https:\/\/bioefluentes.com.br\/site\/produtos\/bio-gordura\/\">Bio \u2013 Gordura<\/a><br><img decoding=\"async\" loading=\"lazy\" width=\"54\" height=\"55\" class=\"wp-image-103\" style=\"width: 22px;\" src=\"https:\/\/bioefluentes.com.br\/site\/wp-content\/uploads\/2019\/07\/item-pingo-dagua-azul-folha-verde-bio-efluentes.png\" alt=\"\"> <a href=\"https:\/\/bioefluentes.com.br\/site\/produtos\/bio-fossa-septica\/\">Bio \u2013 Fossa S\u00e9ptica<\/a><br><img decoding=\"async\" loading=\"lazy\" width=\"54\" height=\"55\" class=\"wp-image-103\" style=\"width: 22px;\" src=\"https:\/\/bioefluentes.com.br\/site\/wp-content\/uploads\/2019\/07\/item-pingo-dagua-azul-folha-verde-bio-efluentes.png\" alt=\"\"> <a href=\"https:\/\/bioefluentes.com.br\/site\/produtos\/bio-atf\/\">Bio \u2013 ATF<\/a><br><img decoding=\"async\" loading=\"lazy\" width=\"54\" height=\"55\" class=\"wp-image-103\" style=\"width: 22px;\" src=\"https:\/\/bioefluentes.com.br\/site\/wp-content\/uploads\/2019\/07\/item-pingo-dagua-azul-folha-verde-bio-efluentes.png\" alt=\"\"> <a href=\"https:\/\/bioefluentes.com.br\/site\/produtos\/bio-3500h\/\">Bio \u2013 3500H<\/a><br><img decoding=\"async\" loading=\"lazy\" width=\"54\" height=\"55\" class=\"wp-image-103\" style=\"width: 22px;\" src=\"https:\/\/bioefluentes.com.br\/site\/wp-content\/uploads\/2019\/07\/item-pingo-dagua-azul-folha-verde-bio-efluentes.png\" alt=\"\"> <a href=\"https:\/\/bioefluentes.com.br\/site\/produtos\/bio-lacto\/\">Bio \u2013 Lacto<\/a><br><img decoding=\"async\" loading=\"lazy\" width=\"54\" height=\"55\" class=\"wp-image-103\" style=\"width: 22px;\" src=\"https:\/\/bioefluentes.com.br\/site\/wp-content\/uploads\/2019\/07\/item-pingo-dagua-azul-folha-verde-bio-efluentes.png\" alt=\"\"> <a href=\"https:\/\/bioefluentes.com.br\/site\/produtos\/bio-desnitrificante\/\">Bio \u2013 Desnitrificante<\/a><br><img decoding=\"async\" loading=\"lazy\" width=\"54\" height=\"55\" class=\"wp-image-103\" style=\"width: 22px;\" src=\"https:\/\/bioefluentes.com.br\/site\/wp-content\/uploads\/2019\/07\/item-pingo-dagua-azul-folha-verde-bio-efluentes.png\" alt=\"\"> <a href=\"https:\/\/bioefluentes.com.br\/site\/produtos\/bio-nitrificante\/\">Bio \u2013 Nitrificante<\/a><br><img decoding=\"async\" loading=\"lazy\" width=\"54\" height=\"55\" class=\"wp-image-103\" style=\"width: 22px;\" src=\"https:\/\/bioefluentes.com.br\/site\/wp-content\/uploads\/2019\/07\/item-pingo-dagua-azul-folha-verde-bio-efluentes.png\" alt=\"\"> <a href=\"https:\/\/bioefluentes.com.br\/site\/produtos\/bio-lagoas\/\">Bio \u2013 Lagoas<\/a><br><img decoding=\"async\" loading=\"lazy\" width=\"54\" height=\"55\" class=\"wp-image-103\" style=\"width: 22px;\" src=\"https:\/\/bioefluentes.com.br\/site\/wp-content\/uploads\/2019\/07\/item-pingo-dagua-azul-folha-verde-bio-efluentes.png\" alt=\"\"> <a href=\"https:\/\/bioefluentes.com.br\/site\/produtos\/bio-filtros\/\">Bio \u2013 Filtros<\/a><br><img decoding=\"async\" loading=\"lazy\" width=\"54\" height=\"55\" class=\"wp-image-103\" style=\"width: 22px;\" src=\"https:\/\/bioefluentes.com.br\/site\/wp-content\/uploads\/2019\/07\/item-pingo-dagua-azul-folha-verde-bio-efluentes.png\" alt=\"\"> <a href=\"https:\/\/bioefluentes.com.br\/site\/produtos\/lmx\/\">LMX<\/a><br><\/p>\n","protected":false},"excerpt":{"rendered":"<p>O aditivo biol\u00f3gico substitui, os custos de retirada do local (caminh\u00e3o limpa fossa), uma vez que a mat\u00e9ria org\u00e2nica \u00e9 biodegradada no pr\u00f3prio local, de forma limpa, segura e econ\u00f4mica. Linhas de Produtos Bio Efluentes: Bio \u2013 Gordura Bio \u2013 Fossa S\u00e9ptica Bio \u2013 ATF Bio \u2013 3500H Bio \u2013 Lacto Bio \u2013 Desnitrificante Bio &hellip; <a href=\"https:\/\/bioefluentes.com.br\/site\/produtos\/bio-solo\/\" class=\"more-link\">Continuar lendo <span class=\"screen-reader-text\">Bio \u2013 Limpa Fossa<\/span><\/a><\/p>\n","protected":false},"author":1,"featured_media":0,"parent":13,"menu_order":9,"comment_status":"closed","ping_status":"closed","template":"page-templates\/full-width-page.php","meta":[],"yoast_head":"<!-- This site is optimized with the Yoast SEO plugin v23.0 - https:\/\/yoast.com\/wordpress\/plugins\/seo\/ -->\n<title>Bio \u2013 Limpa Fossa - Bio Efluentes<\/title>\n<meta name=\"robots\" content=\"index, follow, max-snippet:-1, max-image-preview:large, max-video-preview:-1\" \/>\n<link rel=\"canonical\" href=\"https:\/\/bioefluentes.com.br\/site\/produtos\/bio-solo\/\" \/>\n<meta property=\"og:locale\" content=\"pt_BR\" \/>\n<meta property=\"og:type\" content=\"article\" \/>\n<meta property=\"og:title\" content=\"Bio \u2013 Limpa Fossa - Bio Efluentes\" \/>\n<meta property=\"og:description\" content=\"O aditivo biol\u00f3gico substitui, os custos de retirada do local (caminh\u00e3o limpa fossa), uma vez que a mat\u00e9ria org\u00e2nica \u00e9 biodegradada no pr\u00f3prio local, de forma limpa, segura e econ\u00f4mica. Linhas de Produtos Bio Efluentes: Bio \u2013 Gordura Bio \u2013 Fossa S\u00e9ptica Bio \u2013 ATF Bio \u2013 3500H Bio \u2013 Lacto Bio \u2013 Desnitrificante Bio &hellip; Continuar lendo Bio \u2013 Limpa Fossa\" \/>\n<meta property=\"og:url\" content=\"https:\/\/bioefluentes.com.br\/site\/produtos\/bio-solo\/\" \/>\n<meta property=\"og:site_name\" content=\"Bio Efluentes\" \/>\n<meta property=\"article:modified_time\" content=\"2023-02-22T15:01:26+00:00\" \/>\n<meta property=\"og:image\" content=\"https:\/\/bioefluentes.com.br\/site\/wp-content\/uploads\/2019\/07\/item-pingo-dagua-azul-folha-verde-bio-efluentes.png\" \/>\n<meta name=\"twitter:card\" content=\"summary_large_image\" \/>\n<script type=\"application\/ld+json\" class=\"yoast-schema-graph\">{\"@context\":\"https:\/\/schema.org\",\"@graph\":[{\"@type\":\"WebPage\",\"@id\":\"https:\/\/bioefluentes.com.br\/site\/produtos\/bio-solo\/\",\"url\":\"https:\/\/bioefluentes.com.br\/site\/produtos\/bio-solo\/\",\"name\":\"Bio \u2013 Limpa Fossa - Bio Efluentes\",\"isPartOf\":{\"@id\":\"https:\/\/bioefluentes.com.br\/site\/#website\"},\"primaryImageOfPage\":{\"@id\":\"https:\/\/bioefluentes.com.br\/site\/produtos\/bio-solo\/#primaryimage\"},\"image\":{\"@id\":\"https:\/\/bioefluentes.com.br\/site\/produtos\/bio-solo\/#primaryimage\"},\"thumbnailUrl\":\"https:\/\/bioefluentes.com.br\/site\/wp-content\/uploads\/2019\/07\/item-pingo-dagua-azul-folha-verde-bio-efluentes.png\",\"datePublished\":\"2019-08-22T01:01:32+00:00\",\"dateModified\":\"2023-02-22T15:01:26+00:00\",\"breadcrumb\":{\"@id\":\"https:\/\/bioefluentes.com.br\/site\/produtos\/bio-solo\/#breadcrumb\"},\"inLanguage\":\"pt-BR\",\"potentialAction\":[{\"@type\":\"ReadAction\",\"target\":[\"https:\/\/bioefluentes.com.br\/site\/produtos\/bio-solo\/\"]}]},{\"@type\":\"ImageObject\",\"inLanguage\":\"pt-BR\",\"@id\":\"https:\/\/bioefluentes.com.br\/site\/produtos\/bio-solo\/#primaryimage\",\"url\":\"https:\/\/bioefluentes.com.br\/site\/wp-content\/uploads\/2019\/07\/item-pingo-dagua-azul-folha-verde-bio-efluentes.png\",\"contentUrl\":\"https:\/\/bioefluentes.com.br\/site\/wp-content\/uploads\/2019\/07\/item-pingo-dagua-azul-folha-verde-bio-efluentes.png\",\"width\":54,\"height\":55},{\"@type\":\"BreadcrumbList\",\"@id\":\"https:\/\/bioefluentes.com.br\/site\/produtos\/bio-solo\/#breadcrumb\",\"itemListElement\":[{\"@type\":\"ListItem\",\"position\":1,\"name\":\"In\u00edcio\",\"item\":\"https:\/\/bioefluentes.com.br\/site\/\"},{\"@type\":\"ListItem\",\"position\":2,\"name\":\"Produtos\",\"item\":\"https:\/\/bioefluentes.com.br\/site\/produtos\/\"},{\"@type\":\"ListItem\",\"position\":3,\"name\":\"Bio \u2013 Limpa Fossa\"}]},{\"@type\":\"WebSite\",\"@id\":\"https:\/\/bioefluentes.com.br\/site\/#website\",\"url\":\"https:\/\/bioefluentes.com.br\/site\/\",\"name\":\"Bio Efluentes\",\"description\":\"Site institucional da empresa Bio Efluentes\",\"potentialAction\":[{\"@type\":\"SearchAction\",\"target\":{\"@type\":\"EntryPoint\",\"urlTemplate\":\"https:\/\/bioefluentes.com.br\/site\/?s={search_term_string}\"},\"query-input\":\"required name=search_term_string\"}],\"inLanguage\":\"pt-BR\"}]}<\/script>\n<!-- \/ Yoast SEO plugin. -->","yoast_head_json":{"title":"Bio \u2013 Limpa Fossa - Bio Efluentes","robots":{"index":"index","follow":"follow","max-snippet":"max-snippet:-1","max-image-preview":"max-image-preview:large","max-video-preview":"max-video-preview:-1"},"canonical":"https:\/\/bioefluentes.com.br\/site\/produtos\/bio-solo\/","og_locale":"pt_BR","og_type":"article","og_title":"Bio \u2013 Limpa Fossa - Bio Efluentes","og_description":"O aditivo biol\u00f3gico substitui, os custos de retirada do local (caminh\u00e3o limpa fossa), uma vez que a mat\u00e9ria org\u00e2nica \u00e9 biodegradada no pr\u00f3prio local, de forma limpa, segura e econ\u00f4mica. Linhas de Produtos Bio Efluentes: Bio \u2013 Gordura Bio \u2013 Fossa S\u00e9ptica Bio \u2013 ATF Bio \u2013 3500H Bio \u2013 Lacto Bio \u2013 Desnitrificante Bio &hellip; Continuar lendo Bio \u2013 Limpa Fossa","og_url":"https:\/\/bioefluentes.com.br\/site\/produtos\/bio-solo\/","og_site_name":"Bio Efluentes","article_modified_time":"2023-02-22T15:01:26+00:00","og_image":[{"url":"https:\/\/bioefluentes.com.br\/site\/wp-content\/uploads\/2019\/07\/item-pingo-dagua-azul-folha-verde-bio-efluentes.png"}],"twitter_card":"summary_large_image","schema":{"@context":"https:\/\/schema.org","@graph":[{"@type":"WebPage","@id":"https:\/\/bioefluentes.com.br\/site\/produtos\/bio-solo\/","url":"https:\/\/bioefluentes.com.br\/site\/produtos\/bio-solo\/","name":"Bio \u2013 Limpa Fossa - Bio Efluentes","isPartOf":{"@id":"https:\/\/bioefluentes.com.br\/site\/#website"},"primaryImageOfPage":{"@id":"https:\/\/bioefluentes.com.br\/site\/produtos\/bio-solo\/#primaryimage"},"image":{"@id":"https:\/\/bioefluentes.com.br\/site\/produtos\/bio-solo\/#primaryimage"},"thumbnailUrl":"https:\/\/bioefluentes.com.br\/site\/wp-content\/uploads\/2019\/07\/item-pingo-dagua-azul-folha-verde-bio-efluentes.png","datePublished":"2019-08-22T01:01:32+00:00","dateModified":"2023-02-22T15:01:26+00:00","breadcrumb":{"@id":"https:\/\/bioefluentes.com.br\/site\/produtos\/bio-solo\/#breadcrumb"},"inLanguage":"pt-BR","potentialAction":[{"@type":"ReadAction","target":["https:\/\/bioefluentes.com.br\/site\/produtos\/bio-solo\/"]}]},{"@type":"ImageObject","inLanguage":"pt-BR","@id":"https:\/\/bioefluentes.com.br\/site\/produtos\/bio-solo\/#primaryimage","url":"https:\/\/bioefluentes.com.br\/site\/wp-content\/uploads\/2019\/07\/item-pingo-dagua-azul-folha-verde-bio-efluentes.png","contentUrl":"https:\/\/bioefluentes.com.br\/site\/wp-content\/uploads\/2019\/07\/item-pingo-dagua-azul-folha-verde-bio-efluentes.png","width":54,"height":55},{"@type":"BreadcrumbList","@id":"https:\/\/bioefluentes.com.br\/site\/produtos\/bio-solo\/#breadcrumb","itemListElement":[{"@type":"ListItem","position":1,"name":"In\u00edcio","item":"https:\/\/bioefluentes.com.br\/site\/"},{"@type":"ListItem","position":2,"name":"Produtos","item":"https:\/\/bioefluentes.com.br\/site\/produtos\/"},{"@type":"ListItem","position":3,"name":"Bio \u2013 Limpa Fossa"}]},{"@type":"WebSite","@id":"https:\/\/bioefluentes.com.br\/site\/#website","url":"https:\/\/bioefluentes.com.br\/site\/","name":"Bio Efluentes","description":"Site institucional da empresa Bio Efluentes","potentialAction":[{"@type":"SearchAction","target":{"@type":"EntryPoint","urlTemplate":"https:\/\/bioefluentes.com.br\/site\/?s={search_term_string}"},"query-input":"required name=search_term_string"}],"inLanguage":"pt-BR"}]}},"_links":{"self":[{"href":"https:\/\/bioefluentes.com.br\/site\/wp-json\/wp\/v2\/pages\/157"}],"collection":[{"href":"https:\/\/bioefluentes.com.br\/site\/wp-json\/wp\/v2\/pages"}],"about":[{"href":"https:\/\/bioefluentes.com.br\/site\/wp-json\/wp\/v2\/types\/page"}],"author":[{"embeddable":true,"href":"https:\/\/bioefluentes.com.br\/site\/wp-json\/wp\/v2\/users\/1"}],"replies":[{"embeddable":true,"href":"https:\/\/bioefluentes.com.br\/site\/wp-json\/wp\/v2\/comments?post=157"}],"version-history":[{"count":4,"href":"https:\/\/bioefluentes.com.br\/site\/wp-json\/wp\/v2\/pages\/157\/revisions"}],"predecessor-version":[{"id":292,"href":"https:\/\/bioefluentes.com.br\/site\/wp-json\/wp\/v2\/pages\/157\/revisions\/292"}],"up":[{"embeddable":true,"href":"https:\/\/bioefluentes.com.br\/site\/wp-json\/wp\/v2\/pages\/13"}],"wp:attachment":[{"href":"https:\/\/bioefluentes.com.br\/site\/wp-json\/wp\/v2\/media?parent=157"}],"curies":[{"name":"wp","href":"https:\/\/api.w.org\/{rel}","templated":true}]}}