{"id":12,"date":"2019-07-17T00:06:08","date_gmt":"2019-07-17T00:06:08","guid":{"rendered":"https:\/\/bioefluentes.com.br\/site\/?page_id=12"},"modified":"2019-08-22T01:36:54","modified_gmt":"2019-08-22T01:36:54","slug":"empresa","status":"publish","type":"page","link":"https:\/\/bioefluentes.com.br\/site\/empresa\/","title":{"rendered":"Empresa"},"content":{"rendered":"\n<h2 class=\"titulo-azul\">Sobre n\u00f3s<\/h2>\n\n\n\n<p>A <strong>Bio Efluentes Ltda.<\/strong> \u00e9  uma empresa de solu\u00e7\u00f5es ambientais, onde oferecemos consultoria na \u00e1rea  de efluentes dom\u00e9sticos e industriais, atrav\u00e9s de aditivos biol\u00f3gicos  que biodegradam a mat\u00e9ria org\u00e2nica. <\/p>\n\n\n\n<p>Os aditivos biol\u00f3gicos substituem os custos de retirada do material  org\u00e2nico, tratando o res\u00edduo no pr\u00f3prio local, de uma forma limpa e  segura. <\/p>\n\n\n\n<p><strong>N\u00f3s tratamos:<\/strong><\/p>\n\n\n\n<ul><li>Caixas de gordura <\/li><li>Fossas s\u00e9pticas<\/li><li>Sumidouros<\/li><li>ETE (Esta\u00e7\u00e3o de Tratamento de Esgoto)<\/li><\/ul>\n\n\n\n<h2 class=\"titulo-azul\">Miss\u00e3o<\/h2>\n\n\n\n<p>Ser refer\u00eancia na \u00e1rea de biorremedia\u00e7\u00e3o a fim de promover a sustentabilidade dos recursos h\u00eddricos.<\/p>\n\n\n\n<h2 class=\"titulo-azul\">Objetivo<\/h2>\n\n\n\n<p>Desenvolver solu\u00e7\u00f5es ambientais de forma segura &nbsp; e economicamente vi\u00e1vel.<\/p>\n\n\n\n<h2 class=\"titulo-azul\"><strong>O que \u00e9 biorremedia\u00e7\u00e3o<\/strong>?<\/h2>\n\n\n\n<p>A  biorremedia\u00e7\u00e3o \u00e9 uma alternativa ecologicamente correta do ponto de  vista da destina\u00e7\u00e3o de res\u00edduos, uma vez que os aditivos biol\u00f3gicos  decomp\u00f5em com maior efici\u00eancia os poluentes existentes nas \u00e1guas  residuais.<\/p>\n\n\n\n<p>O resultado deste processo \u00e9 a redu\u00e7\u00e3o da frequ\u00eancia de  manuten\u00e7\u00e3o, limpeza do sistema e a melhor qualidade do efluente (menor  DBO \u2013 <em>Demanda biol\u00f3gica de oxig\u00eanio<\/em>, DQO \u2013 <em>Demanda qu\u00edmica de oxig\u00eanio<\/em>, \u00f3leos e graxas e outros poluentes). <\/p>\n\n\n\n<h2 class=\"titulo-azul\"><strong>Vantagens da biorremedia\u00e7\u00e3o<\/strong><\/h2>\n\n\n\n<p>    <img decoding=\"async\" loading=\"lazy\" width=\"54\" height=\"55\" class=\"wp-image-103\" style=\"width: 22px;\" src=\"https:\/\/bioefluentes.com.br\/site\/wp-content\/uploads\/2019\/07\/item-pingo-dagua-azul-folha-verde-bio-efluentes.png\" alt=\"\"> Baixo custo de opera\u00e7\u00e3o<br>    <img decoding=\"async\" loading=\"lazy\" width=\"54\" height=\"55\" class=\"wp-image-103\" style=\"width: 22px;\" src=\"https:\/\/bioefluentes.com.br\/site\/wp-content\/uploads\/2019\/07\/item-pingo-dagua-azul-folha-verde-bio-efluentes.png\" alt=\"\"> F\u00e1cil manuseio<br>    <img decoding=\"async\" loading=\"lazy\" width=\"54\" height=\"55\" class=\"wp-image-103\" style=\"width: 22px;\" src=\"https:\/\/bioefluentes.com.br\/site\/wp-content\/uploads\/2019\/07\/item-pingo-dagua-azul-folha-verde-bio-efluentes.png\" alt=\"\"> Redu\u00e7\u00e3o de custos com limpeza mec\u00e2nica nas tubula\u00e7\u00f5es e caixas de recep\u00e7\u00e3o (caixa de gordura, fossa s\u00e9ptica)<br>    <img decoding=\"async\" loading=\"lazy\" width=\"54\" height=\"55\" class=\"wp-image-103\" style=\"width: 22px;\" src=\"https:\/\/bioefluentes.com.br\/site\/wp-content\/uploads\/2019\/07\/item-pingo-dagua-azul-folha-verde-bio-efluentes.png\" alt=\"\"> Evita entupimentos, e prolonga a vida \u00fatil das tubula\u00e7\u00f5es<br>    <img decoding=\"async\" loading=\"lazy\" width=\"54\" height=\"55\" class=\"wp-image-103\" style=\"width: 22px;\" src=\"https:\/\/bioefluentes.com.br\/site\/wp-content\/uploads\/2019\/07\/item-pingo-dagua-azul-folha-verde-bio-efluentes.png\" alt=\"\"> Elimina a exala\u00e7\u00e3o de mau odores<br>    <img decoding=\"async\" loading=\"lazy\" width=\"54\" height=\"55\" class=\"wp-image-103\" style=\"width: 22px;\" src=\"https:\/\/bioefluentes.com.br\/site\/wp-content\/uploads\/2019\/07\/item-pingo-dagua-azul-folha-verde-bio-efluentes.png\" alt=\"\"> Auxilia no star-ups em novas esta\u00e7\u00f5es<br>    <img decoding=\"async\" loading=\"lazy\" width=\"54\" height=\"55\" class=\"wp-image-103\" style=\"width: 22px;\" src=\"https:\/\/bioefluentes.com.br\/site\/wp-content\/uploads\/2019\/07\/item-pingo-dagua-azul-folha-verde-bio-efluentes.png\" alt=\"\"> Produto 100% natural, n\u00e3o corrosivo, n\u00e3o t\u00f3xico para seres humanos, animais e plantas<br>    <img decoding=\"async\" loading=\"lazy\" width=\"54\" height=\"55\" class=\"wp-image-103\" style=\"width: 22px;\" src=\"https:\/\/bioefluentes.com.br\/site\/wp-content\/uploads\/2019\/07\/item-pingo-dagua-azul-folha-verde-bio-efluentes.png\" alt=\"\"> Prote\u00e7\u00e3o ao meio ambiente<\/p>\n\n\n\n<div class=\"wp-block-cover has-background-dim\" style=\"background-image:url(https:\/\/bioefluentes.com.br\/site\/wp-content\/uploads\/2019\/07\/bgmedioambiente2018.jpg)\"><div class=\"wp-block-cover__inner-container\">\n<p style=\"text-align:center\" class=\"has-large-font-size texto-imagem\">Biotecnologia a Servi\u00e7o do Meio Ambiente<\/p>\n<\/div><\/div>\n","protected":false},"excerpt":{"rendered":"<p>Sobre n\u00f3s A Bio Efluentes Ltda. \u00e9 uma empresa de solu\u00e7\u00f5es ambientais, onde oferecemos consultoria na \u00e1rea de efluentes dom\u00e9sticos e industriais, atrav\u00e9s de aditivos biol\u00f3gicos que biodegradam a mat\u00e9ria org\u00e2nica. Os aditivos biol\u00f3gicos substituem os custos de retirada do material org\u00e2nico, tratando o res\u00edduo no pr\u00f3prio local, de uma forma limpa e segura. N\u00f3s &hellip; <a href=\"https:\/\/bioefluentes.com.br\/site\/empresa\/\" class=\"more-link\">Continuar lendo <span class=\"screen-reader-text\">Empresa<\/span><\/a><\/p>\n","protected":false},"author":1,"featured_media":51,"parent":0,"menu_order":1,"comment_status":"closed","ping_status":"closed","template":"page-templates\/full-width-page.php","meta":[],"yoast_head":"<!-- This site is optimized with the Yoast SEO plugin v23.0 - https:\/\/yoast.com\/wordpress\/plugins\/seo\/ -->\n<title>Empresa - Bio Efluentes<\/title>\n<meta name=\"robots\" content=\"index, follow, max-snippet:-1, max-image-preview:large, max-video-preview:-1\" \/>\n<link rel=\"canonical\" href=\"https:\/\/bioefluentes.com.br\/site\/empresa\/\" \/>\n<meta property=\"og:locale\" content=\"pt_BR\" \/>\n<meta property=\"og:type\" content=\"article\" \/>\n<meta property=\"og:title\" content=\"Empresa - Bio Efluentes\" \/>\n<meta property=\"og:description\" content=\"Sobre n\u00f3s A Bio Efluentes Ltda. \u00e9 uma empresa de solu\u00e7\u00f5es ambientais, onde oferecemos consultoria na \u00e1rea de efluentes dom\u00e9sticos e industriais, atrav\u00e9s de aditivos biol\u00f3gicos que biodegradam a mat\u00e9ria org\u00e2nica. Os aditivos biol\u00f3gicos substituem os custos de retirada do material org\u00e2nico, tratando o res\u00edduo no pr\u00f3prio local, de uma forma limpa e segura. N\u00f3s &hellip; Continuar lendo Empresa\" \/>\n<meta property=\"og:url\" content=\"https:\/\/bioefluentes.com.br\/site\/empresa\/\" \/>\n<meta property=\"og:site_name\" content=\"Bio Efluentes\" \/>\n<meta property=\"article:modified_time\" content=\"2019-08-22T01:36:54+00:00\" \/>\n<meta property=\"og:image\" content=\"https:\/\/bioefluentes.com.br\/site\/wp-content\/uploads\/2019\/07\/bio-efluentes-estrada-rodovia-jose-augusto-freire.jpg\" \/>\n\t<meta property=\"og:image:width\" content=\"1920\" \/>\n\t<meta property=\"og:image:height\" content=\"962\" \/>\n\t<meta property=\"og:image:type\" content=\"image\/jpeg\" \/>\n<meta name=\"twitter:card\" content=\"summary_large_image\" \/>\n<meta name=\"twitter:label1\" content=\"Est. tempo de leitura\" \/>\n\t<meta name=\"twitter:data1\" content=\"1 minuto\" \/>\n<script type=\"application\/ld+json\" class=\"yoast-schema-graph\">{\"@context\":\"https:\/\/schema.org\",\"@graph\":[{\"@type\":\"WebPage\",\"@id\":\"https:\/\/bioefluentes.com.br\/site\/empresa\/\",\"url\":\"https:\/\/bioefluentes.com.br\/site\/empresa\/\",\"name\":\"Empresa - Bio Efluentes\",\"isPartOf\":{\"@id\":\"https:\/\/bioefluentes.com.br\/site\/#website\"},\"primaryImageOfPage\":{\"@id\":\"https:\/\/bioefluentes.com.br\/site\/empresa\/#primaryimage\"},\"image\":{\"@id\":\"https:\/\/bioefluentes.com.br\/site\/empresa\/#primaryimage\"},\"thumbnailUrl\":\"https:\/\/bioefluentes.com.br\/site\/wp-content\/uploads\/2019\/07\/bio-efluentes-estrada-rodovia-jose-augusto-freire.jpg\",\"datePublished\":\"2019-07-17T00:06:08+00:00\",\"dateModified\":\"2019-08-22T01:36:54+00:00\",\"breadcrumb\":{\"@id\":\"https:\/\/bioefluentes.com.br\/site\/empresa\/#breadcrumb\"},\"inLanguage\":\"pt-BR\",\"potentialAction\":[{\"@type\":\"ReadAction\",\"target\":[\"https:\/\/bioefluentes.com.br\/site\/empresa\/\"]}]},{\"@type\":\"ImageObject\",\"inLanguage\":\"pt-BR\",\"@id\":\"https:\/\/bioefluentes.com.br\/site\/empresa\/#primaryimage\",\"url\":\"https:\/\/bioefluentes.com.br\/site\/wp-content\/uploads\/2019\/07\/bio-efluentes-estrada-rodovia-jose-augusto-freire.jpg\",\"contentUrl\":\"https:\/\/bioefluentes.com.br\/site\/wp-content\/uploads\/2019\/07\/bio-efluentes-estrada-rodovia-jose-augusto-freire.jpg\",\"width\":1920,\"height\":962},{\"@type\":\"BreadcrumbList\",\"@id\":\"https:\/\/bioefluentes.com.br\/site\/empresa\/#breadcrumb\",\"itemListElement\":[{\"@type\":\"ListItem\",\"position\":1,\"name\":\"In\u00edcio\",\"item\":\"https:\/\/bioefluentes.com.br\/site\/\"},{\"@type\":\"ListItem\",\"position\":2,\"name\":\"Empresa\"}]},{\"@type\":\"WebSite\",\"@id\":\"https:\/\/bioefluentes.com.br\/site\/#website\",\"url\":\"https:\/\/bioefluentes.com.br\/site\/\",\"name\":\"Bio Efluentes\",\"description\":\"Site institucional da empresa Bio Efluentes\",\"potentialAction\":[{\"@type\":\"SearchAction\",\"target\":{\"@type\":\"EntryPoint\",\"urlTemplate\":\"https:\/\/bioefluentes.com.br\/site\/?s={search_term_string}\"},\"query-input\":\"required name=search_term_string\"}],\"inLanguage\":\"pt-BR\"}]}<\/script>\n<!-- \/ Yoast SEO plugin. -->","yoast_head_json":{"title":"Empresa - Bio Efluentes","robots":{"index":"index","follow":"follow","max-snippet":"max-snippet:-1","max-image-preview":"max-image-preview:large","max-video-preview":"max-video-preview:-1"},"canonical":"https:\/\/bioefluentes.com.br\/site\/empresa\/","og_locale":"pt_BR","og_type":"article","og_title":"Empresa - Bio Efluentes","og_description":"Sobre n\u00f3s A Bio Efluentes Ltda. \u00e9 uma empresa de solu\u00e7\u00f5es ambientais, onde oferecemos consultoria na \u00e1rea de efluentes dom\u00e9sticos e industriais, atrav\u00e9s de aditivos biol\u00f3gicos que biodegradam a mat\u00e9ria org\u00e2nica. Os aditivos biol\u00f3gicos substituem os custos de retirada do material org\u00e2nico, tratando o res\u00edduo no pr\u00f3prio local, de uma forma limpa e segura. N\u00f3s &hellip; Continuar lendo Empresa","og_url":"https:\/\/bioefluentes.com.br\/site\/empresa\/","og_site_name":"Bio Efluentes","article_modified_time":"2019-08-22T01:36:54+00:00","og_image":[{"width":1920,"height":962,"url":"https:\/\/bioefluentes.com.br\/site\/wp-content\/uploads\/2019\/07\/bio-efluentes-estrada-rodovia-jose-augusto-freire.jpg","type":"image\/jpeg"}],"twitter_card":"summary_large_image","twitter_misc":{"Est. tempo de leitura":"1 minuto"},"schema":{"@context":"https:\/\/schema.org","@graph":[{"@type":"WebPage","@id":"https:\/\/bioefluentes.com.br\/site\/empresa\/","url":"https:\/\/bioefluentes.com.br\/site\/empresa\/","name":"Empresa - Bio Efluentes","isPartOf":{"@id":"https:\/\/bioefluentes.com.br\/site\/#website"},"primaryImageOfPage":{"@id":"https:\/\/bioefluentes.com.br\/site\/empresa\/#primaryimage"},"image":{"@id":"https:\/\/bioefluentes.com.br\/site\/empresa\/#primaryimage"},"thumbnailUrl":"https:\/\/bioefluentes.com.br\/site\/wp-content\/uploads\/2019\/07\/bio-efluentes-estrada-rodovia-jose-augusto-freire.jpg","datePublished":"2019-07-17T00:06:08+00:00","dateModified":"2019-08-22T01:36:54+00:00","breadcrumb":{"@id":"https:\/\/bioefluentes.com.br\/site\/empresa\/#breadcrumb"},"inLanguage":"pt-BR","potentialAction":[{"@type":"ReadAction","target":["https:\/\/bioefluentes.com.br\/site\/empresa\/"]}]},{"@type":"ImageObject","inLanguage":"pt-BR","@id":"https:\/\/bioefluentes.com.br\/site\/empresa\/#primaryimage","url":"https:\/\/bioefluentes.com.br\/site\/wp-content\/uploads\/2019\/07\/bio-efluentes-estrada-rodovia-jose-augusto-freire.jpg","contentUrl":"https:\/\/bioefluentes.com.br\/site\/wp-content\/uploads\/2019\/07\/bio-efluentes-estrada-rodovia-jose-augusto-freire.jpg","width":1920,"height":962},{"@type":"BreadcrumbList","@id":"https:\/\/bioefluentes.com.br\/site\/empresa\/#breadcrumb","itemListElement":[{"@type":"ListItem","position":1,"name":"In\u00edcio","item":"https:\/\/bioefluentes.com.br\/site\/"},{"@type":"ListItem","position":2,"name":"Empresa"}]},{"@type":"WebSite","@id":"https:\/\/bioefluentes.com.br\/site\/#website","url":"https:\/\/bioefluentes.com.br\/site\/","name":"Bio Efluentes","description":"Site institucional da empresa Bio Efluentes","potentialAction":[{"@type":"SearchAction","target":{"@type":"EntryPoint","urlTemplate":"https:\/\/bioefluentes.com.br\/site\/?s={search_term_string}"},"query-input":"required name=search_term_string"}],"inLanguage":"pt-BR"}]}},"_links":{"self":[{"href":"https:\/\/bioefluentes.com.br\/site\/wp-json\/wp\/v2\/pages\/12"}],"collection":[{"href":"https:\/\/bioefluentes.com.br\/site\/wp-json\/wp\/v2\/pages"}],"about":[{"href":"https:\/\/bioefluentes.com.br\/site\/wp-json\/wp\/v2\/types\/page"}],"author":[{"embeddable":true,"href":"https:\/\/bioefluentes.com.br\/site\/wp-json\/wp\/v2\/users\/1"}],"replies":[{"embeddable":true,"href":"https:\/\/bioefluentes.com.br\/site\/wp-json\/wp\/v2\/comments?post=12"}],"version-history":[{"count":11,"href":"https:\/\/bioefluentes.com.br\/site\/wp-json\/wp\/v2\/pages\/12\/revisions"}],"predecessor-version":[{"id":115,"href":"https:\/\/bioefluentes.com.br\/site\/wp-json\/wp\/v2\/pages\/12\/revisions\/115"}],"wp:featuredmedia":[{"embeddable":true,"href":"https:\/\/bioefluentes.com.br\/site\/wp-json\/wp\/v2\/media\/51"}],"wp:attachment":[{"href":"https:\/\/bioefluentes.com.br\/site\/wp-json\/wp\/v2\/media?parent=12"}],"curies":[{"name":"wp","href":"https:\/\/api.w.org\/{rel}","templated":true}]}}